{"id":11773,"date":"2023-07-19T12:49:41","date_gmt":"2023-07-19T10:49:41","guid":{"rendered":"https:\/\/gigatype.website\/?page_id=11773"},"modified":"2024-04-11T14:16:55","modified_gmt":"2024-04-11T12:16:55","slug":"kontakt","status":"publish","type":"page","link":"https:\/\/hbklinika.cz\/dental\/kontakt\/","title":{"rendered":"Kontakt"},"content":{"rendered":"\n\n\t<form id=\"forminator-module-12198\" class=\"forminator-custom-form forminator-custom-form-12198\" method=\"post\" data-forminator-render=\"0\" data-uid=\"69f37877e979f\"><div role=\"alert\" aria-live=\"polite\" class=\"forminator-response-message forminator-error\" aria-hidden=\"true\"><\/div><\/form>\n\t<ul>\n\t\t<li>\t\t\n\t\t\t\t<img decoding=\"async\" src=\"https:\/\/hbklinika.cz\/dental\/wp-content\/uploads\/bb-plugin\/cache\/cropped-logo2-circle.png\" alt=\"https:\/\/hbklinika.cz\/dental\/wp-content\/uploads\/2023\/08\/cropped-logo2.png\" itemprop=\"image\"\/>\n\t\t<h4>Adresa kliniky<\/h4><a href=\"https:\/\/www.google.com\/search?q=Husovo+n%C3%A1m%C4%9Bst%C3%AD+167%2C+269+01+Rakovn%C3%ADk&amp;oq=Husovo+n%C3%A1m%C4%9Bst%C3%AD+167%2C+269+01+Rakovn%C3%ADk&amp;gs_lcrp=EgZjaHJvbWUyBggAEEUYOTIHCAEQABiiBDIHCAIQABiiBDIHCAMQABiiBDIHCAQQABiiBNIBBzU0MGowajeoAgCwAgA&amp;sourceid=chrome&amp;ie=UTF-8\">Vysok\u00e1 89, 269 01 Rakovn\u00edk I<\/a>\n<\/li><li>\t\t\n\t\t\t\t<img decoding=\"async\" src=\"https:\/\/hbklinika.cz\/dental\/wp-content\/uploads\/bb-plugin\/cache\/cropped-logo2-circle.png\" alt=\"https:\/\/hbklinika.cz\/dental\/wp-content\/uploads\/2023\/08\/cropped-logo2.png\" itemprop=\"image\"\/>\n\t\t<h4>Otev\u00edrac\u00ed doba<\/h4><p>Uvedena v <a href=\"https:\/\/hbklinika.xdent.cz\/wizard\/clinic-selection\">objedn\u00e1vkov\u00e9m syst\u00e9mu<\/a><\/p><\/li><li>\t\t\n\t\t\t\t<img decoding=\"async\" src=\"https:\/\/hbklinika.cz\/dental\/wp-content\/uploads\/bb-plugin\/cache\/cropped-logo2-circle.png\" alt=\"https:\/\/hbklinika.cz\/dental\/wp-content\/uploads\/2023\/08\/cropped-logo2.png\" itemprop=\"image\"\/>\n\t\t<h4>Email<\/h4><a href=\"mailto:info@hbklinika.cz\">info@hbklinika.cz<\/a>\n<\/li><li>\t\t\n\t\t\t\t<img decoding=\"async\" src=\"https:\/\/hbklinika.cz\/dental\/wp-content\/uploads\/bb-plugin\/cache\/cropped-logo2-circle.png\" alt=\"https:\/\/hbklinika.cz\/dental\/wp-content\/uploads\/2023\/08\/cropped-logo2.png\" itemprop=\"image\"\/>\n\t\t<h4>Telefon<\/h4><a href=\"tel:+420 775 564 025 \">+420 775 564 025<br \/>\n<\/a>\n<\/li>\t<\/ul>\n\t<iframe src=\"https:\/\/www.google.com\/maps\/embed\/v1\/place?key=AIzaSyD09zQ9PNDNNy9TadMuzRV_UsPUoWKntt8&#038;q=Husovo+n%C3%A1m.+167%2C+Rakovn%C3%ADk+I%2C+269+01+Rakovn%C3%ADk\"><\/iframe>\n\t<ul>\n\t\t<li>\t\t\n\t\t\t\t<img decoding=\"async\" src=\"https:\/\/hbklinika.cz\/dental\/wp-content\/uploads\/bb-plugin\/cache\/cropped-logo2-150x150-circle.png\" alt=\"https:\/\/hbklinika.cz\/dental\/wp-content\/uploads\/2023\/08\/cropped-logo2.png\" itemprop=\"image\"\/>\n\t\t<h6>Spole\u010dnost<\/h6><p><h6>HB MediCare s.r.o.<\/h6><\/p><\/li><li>\t\t\n\t\t\t\t<img decoding=\"async\" src=\"https:\/\/hbklinika.cz\/dental\/wp-content\/uploads\/bb-plugin\/cache\/cropped-logo2-circle.png\" alt=\"https:\/\/hbklinika.cz\/dental\/wp-content\/uploads\/2023\/08\/cropped-logo2.png\" itemprop=\"image\"\/>\n\t\t<h6>S\u00eddlo<\/h6><p><h6>\u010d.p. 29, 270 09 Krup\u00e1<\/h6><\/p><\/li><li>\t\t\n\t\t\t\t<img decoding=\"async\" src=\"https:\/\/hbklinika.cz\/dental\/wp-content\/uploads\/bb-plugin\/cache\/cropped-logo2-circle.png\" alt=\"https:\/\/hbklinika.cz\/dental\/wp-content\/uploads\/2023\/08\/cropped-logo2.png\" itemprop=\"image\"\/>\n\t\t<h6>I\u010c<\/h6><p><h6>19471254<\/h6><\/p><\/li><li>\t\t\n\t\t\t\t<img decoding=\"async\" src=\"https:\/\/hbklinika.cz\/dental\/wp-content\/uploads\/bb-plugin\/cache\/cropped-logo2-circle.png\" alt=\"https:\/\/hbklinika.cz\/dental\/wp-content\/uploads\/2023\/08\/cropped-logo2.png\" itemprop=\"image\"\/>\n\t\t<h6>\u010c\u00edslo \u00fa\u010dtu<\/h6><p><h6>326216282 \/ 0300<\/h6><\/p><\/li>\t<\/ul>\n\t\t\t\t<img loading=\"lazy\" decoding=\"async\" src=\"https:\/\/hbklinika.cz\/dental\/wp-content\/uploads\/2023\/07\/logo_MediCare-1-1536x999.png\" alt=\"logo_MediCare-1\" itemprop=\"image\" height=\"999\" width=\"1536\" title=\"logo_MediCare-1\" onerror=\"this.style.display='none'\"  \/>\n<h6>\n\t\tHB KLINIKA je obchodn\u00ed zna\u010dkou poskytovatele zdravotnick\u00fdch slu\u017eeb HB MediCare s.r.o.\n\t<\/h6>\n\n","protected":false},"excerpt":{"rendered":"<p>Adresa kliniky Vysok\u00e1 89, 269 01 Rakovn\u00edk I Otev\u00edrac\u00ed doba Uvedena v objedn\u00e1vkov\u00e9m syst\u00e9mu Email info@hbklinika.cz Telefon +420 775 564 025 Spole\u010dnost HB MediCare s.r.o. S\u00eddlo \u010d.p. 29, 270 09 Krup\u00e1 I\u010c 19471254 \u010c\u00edslo \u00fa\u010dtu 326216282 \/ 0300 HB KLINIKA je obchodn\u00ed zna\u010dkou poskytovatele zdravotnick\u00fdch slu\u017eeb HB MediCare s.r.o.<\/p>\n","protected":false},"author":1,"featured_media":0,"parent":0,"menu_order":0,"comment_status":"closed","ping_status":"closed","template":"","meta":{"site-sidebar-layout":"default","site-content-layout":"","ast-site-content-layout":"default","site-content-style":"default","site-sidebar-style":"default","ast-global-header-display":"","ast-banner-title-visibility":"","ast-main-header-display":"","ast-hfb-above-header-display":"","ast-hfb-below-header-display":"","ast-hfb-mobile-header-display":"","site-post-title":"","ast-breadcrumbs-content":"","ast-featured-img":"","footer-sml-layout":"","theme-transparent-header-meta":"","adv-header-id-meta":"","stick-header-meta":"","header-above-stick-meta":"","header-main-stick-meta":"","header-below-stick-meta":"","astra-migrate-meta-layouts":"set","ast-page-background-enabled":"default","ast-page-background-meta":{"desktop":{"background-color":"","background-image":"","background-repeat":"repeat","background-position":"center center","background-size":"auto","background-attachment":"scroll","background-type":"","background-media":"","overlay-type":"","overlay-color":"","overlay-opacity":"","overlay-gradient":""},"tablet":{"background-color":"","background-image":"","background-repeat":"repeat","background-position":"center center","background-size":"auto","background-attachment":"scroll","background-type":"","background-media":"","overlay-type":"","overlay-color":"","overlay-opacity":"","overlay-gradient":""},"mobile":{"background-color":"","background-image":"","background-repeat":"repeat","background-position":"center center","background-size":"auto","background-attachment":"scroll","background-type":"","background-media":"","overlay-type":"","overlay-color":"","overlay-opacity":"","overlay-gradient":""}},"ast-content-background-meta":{"desktop":{"background-color":"var(--ast-global-color-5)","background-image":"","background-repeat":"repeat","background-position":"center center","background-size":"auto","background-attachment":"scroll","background-type":"","background-media":"","overlay-type":"","overlay-color":"","overlay-opacity":"","overlay-gradient":""},"tablet":{"background-color":"var(--ast-global-color-5)","background-image":"","background-repeat":"repeat","background-position":"center center","background-size":"auto","background-attachment":"scroll","background-type":"","background-media":"","overlay-type":"","overlay-color":"","overlay-opacity":"","overlay-gradient":""},"mobile":{"background-color":"var(--ast-global-color-5)","background-image":"","background-repeat":"repeat","background-position":"center center","background-size":"auto","background-attachment":"scroll","background-type":"","background-media":"","overlay-type":"","overlay-color":"","overlay-opacity":"","overlay-gradient":""}},"footnotes":""},"class_list":["post-11773","page","type-page","status-publish","hentry"],"yoast_head":"<!-- This site is optimized with the Yoast SEO plugin v22.8 - https:\/\/yoast.com\/wordpress\/plugins\/seo\/ -->\n<title>Kontaktujte n\u00e1s | HB Klinika - fyzioterapie Rakovn\u00edk<\/title>\n<meta name=\"robots\" content=\"index, follow, max-snippet:-1, max-image-preview:large, max-video-preview:-1\" \/>\n<link rel=\"canonical\" href=\"https:\/\/hbklinika.cz\/dental\/kontakt\/\" \/>\n<meta property=\"og:locale\" content=\"cs_CZ\" \/>\n<meta property=\"og:type\" content=\"article\" \/>\n<meta property=\"og:title\" content=\"Kontaktujte n\u00e1s | HB Klinika - fyzioterapie Rakovn\u00edk\" \/>\n<meta property=\"og:description\" content=\"Adresa kliniky Vysok\u00e1 89, 269 01 Rakovn\u00edk I Otev\u00edrac\u00ed doba Uvedena v objedn\u00e1vkov\u00e9m syst\u00e9mu Email info@hbklinika.cz Telefon +420 775 564 025 Spole\u010dnost HB MediCare s.r.o. S\u00eddlo \u010d.p. 29, 270 09 Krup\u00e1 I\u010c 19471254 \u010c\u00edslo \u00fa\u010dtu 326216282 \/ 0300 HB KLINIKA je obchodn\u00ed zna\u010dkou poskytovatele zdravotnick\u00fdch slu\u017eeb HB MediCare s.r.o.\" \/>\n<meta property=\"og:url\" content=\"https:\/\/hbklinika.cz\/dental\/kontakt\/\" \/>\n<meta property=\"article:publisher\" content=\"https:\/\/facebook.com\/hbklinika\" \/>\n<meta property=\"article:modified_time\" content=\"2024-04-11T12:16:55+00:00\" \/>\n<meta property=\"og:image\" content=\"https:\/\/hbklinika.cz\/dental\/wp-content\/uploads\/bb-plugin\/cache\/cropped-logo2-circle.png\" \/>\n<meta name=\"twitter:card\" content=\"summary_large_image\" \/>\n<meta name=\"twitter:label1\" content=\"Odhadovan\u00e1 doba \u010dten\u00ed\" \/>\n\t<meta name=\"twitter:data1\" content=\"3 minuty\" \/>\n<script type=\"application\/ld+json\" class=\"yoast-schema-graph\">{\"@context\":\"https:\/\/schema.org\",\"@graph\":[{\"@type\":\"WebPage\",\"@id\":\"https:\/\/hbklinika.cz\/dental\/kontakt\/\",\"url\":\"https:\/\/hbklinika.cz\/dental\/kontakt\/\",\"name\":\"Kontaktujte n\u00e1s | HB Klinika - fyzioterapie Rakovn\u00edk\",\"isPartOf\":{\"@id\":\"https:\/\/hbklinika.cz\/dental\/#website\"},\"primaryImageOfPage\":{\"@id\":\"https:\/\/hbklinika.cz\/dental\/kontakt\/#primaryimage\"},\"image\":{\"@id\":\"https:\/\/hbklinika.cz\/dental\/kontakt\/#primaryimage\"},\"thumbnailUrl\":\"https:\/\/hbklinika.cz\/dental\/wp-content\/uploads\/bb-plugin\/cache\/cropped-logo2-circle.png\",\"datePublished\":\"2023-07-19T10:49:41+00:00\",\"dateModified\":\"2024-04-11T12:16:55+00:00\",\"breadcrumb\":{\"@id\":\"https:\/\/hbklinika.cz\/dental\/kontakt\/#breadcrumb\"},\"inLanguage\":\"cs\",\"potentialAction\":[{\"@type\":\"ReadAction\",\"target\":[\"https:\/\/hbklinika.cz\/dental\/kontakt\/\"]}]},{\"@type\":\"ImageObject\",\"inLanguage\":\"cs\",\"@id\":\"https:\/\/hbklinika.cz\/dental\/kontakt\/#primaryimage\",\"url\":\"https:\/\/hbklinika.cz\/dental\/wp-content\/uploads\/bb-plugin\/cache\/cropped-logo2-circle.png\",\"contentUrl\":\"https:\/\/hbklinika.cz\/dental\/wp-content\/uploads\/bb-plugin\/cache\/cropped-logo2-circle.png\"},{\"@type\":\"BreadcrumbList\",\"@id\":\"https:\/\/hbklinika.cz\/dental\/kontakt\/#breadcrumb\",\"itemListElement\":[{\"@type\":\"ListItem\",\"position\":1,\"name\":\"Dom\u016f\",\"item\":\"https:\/\/hbklinika.cz\/dental\/\"},{\"@type\":\"ListItem\",\"position\":2,\"name\":\"Kontakt\"}]},{\"@type\":\"WebSite\",\"@id\":\"https:\/\/hbklinika.cz\/dental\/#website\",\"url\":\"https:\/\/hbklinika.cz\/dental\/\",\"name\":\"HB Klinika Rakovn\u00edk\",\"description\":\"\",\"publisher\":{\"@id\":\"https:\/\/hbklinika.cz\/dental\/#organization\"},\"potentialAction\":[{\"@type\":\"SearchAction\",\"target\":{\"@type\":\"EntryPoint\",\"urlTemplate\":\"https:\/\/hbklinika.cz\/dental\/?s={search_term_string}\"},\"query-input\":\"required name=search_term_string\"}],\"inLanguage\":\"cs\"},{\"@type\":\"Organization\",\"@id\":\"https:\/\/hbklinika.cz\/dental\/#organization\",\"name\":\"HB MediCare s.r.o.\",\"url\":\"https:\/\/hbklinika.cz\/dental\/\",\"logo\":{\"@type\":\"ImageObject\",\"inLanguage\":\"cs\",\"@id\":\"https:\/\/hbklinika.cz\/dental\/#\/schema\/logo\/image\/\",\"url\":\"https:\/\/hbklinika.cz\/dental\/wp-content\/uploads\/2023\/08\/cropped-logo2.png\",\"contentUrl\":\"https:\/\/hbklinika.cz\/dental\/wp-content\/uploads\/2023\/08\/cropped-logo2.png\",\"width\":512,\"height\":512,\"caption\":\"HB MediCare s.r.o.\"},\"image\":{\"@id\":\"https:\/\/hbklinika.cz\/dental\/#\/schema\/logo\/image\/\"},\"sameAs\":[\"https:\/\/facebook.com\/hbklinika\",\"https:\/\/www.instagram.com\/hbklinika\"]}]}<\/script>\n<!-- \/ Yoast SEO plugin. -->","yoast_head_json":{"title":"Kontaktujte n\u00e1s | HB Klinika - fyzioterapie Rakovn\u00edk","robots":{"index":"index","follow":"follow","max-snippet":"max-snippet:-1","max-image-preview":"max-image-preview:large","max-video-preview":"max-video-preview:-1"},"canonical":"https:\/\/hbklinika.cz\/dental\/kontakt\/","og_locale":"cs_CZ","og_type":"article","og_title":"Kontaktujte n\u00e1s | HB Klinika - fyzioterapie Rakovn\u00edk","og_description":"Adresa kliniky Vysok\u00e1 89, 269 01 Rakovn\u00edk I Otev\u00edrac\u00ed doba Uvedena v objedn\u00e1vkov\u00e9m syst\u00e9mu Email info@hbklinika.cz Telefon +420 775 564 025 Spole\u010dnost HB MediCare s.r.o. S\u00eddlo \u010d.p. 29, 270 09 Krup\u00e1 I\u010c 19471254 \u010c\u00edslo \u00fa\u010dtu 326216282 \/ 0300 HB KLINIKA je obchodn\u00ed zna\u010dkou poskytovatele zdravotnick\u00fdch slu\u017eeb HB MediCare s.r.o.","og_url":"https:\/\/hbklinika.cz\/dental\/kontakt\/","article_publisher":"https:\/\/facebook.com\/hbklinika","article_modified_time":"2024-04-11T12:16:55+00:00","og_image":[{"url":"https:\/\/hbklinika.cz\/dental\/wp-content\/uploads\/bb-plugin\/cache\/cropped-logo2-circle.png"}],"twitter_card":"summary_large_image","twitter_misc":{"Odhadovan\u00e1 doba \u010dten\u00ed":"3 minuty"},"schema":{"@context":"https:\/\/schema.org","@graph":[{"@type":"WebPage","@id":"https:\/\/hbklinika.cz\/dental\/kontakt\/","url":"https:\/\/hbklinika.cz\/dental\/kontakt\/","name":"Kontaktujte n\u00e1s | HB Klinika - fyzioterapie Rakovn\u00edk","isPartOf":{"@id":"https:\/\/hbklinika.cz\/dental\/#website"},"primaryImageOfPage":{"@id":"https:\/\/hbklinika.cz\/dental\/kontakt\/#primaryimage"},"image":{"@id":"https:\/\/hbklinika.cz\/dental\/kontakt\/#primaryimage"},"thumbnailUrl":"https:\/\/hbklinika.cz\/dental\/wp-content\/uploads\/bb-plugin\/cache\/cropped-logo2-circle.png","datePublished":"2023-07-19T10:49:41+00:00","dateModified":"2024-04-11T12:16:55+00:00","breadcrumb":{"@id":"https:\/\/hbklinika.cz\/dental\/kontakt\/#breadcrumb"},"inLanguage":"cs","potentialAction":[{"@type":"ReadAction","target":["https:\/\/hbklinika.cz\/dental\/kontakt\/"]}]},{"@type":"ImageObject","inLanguage":"cs","@id":"https:\/\/hbklinika.cz\/dental\/kontakt\/#primaryimage","url":"https:\/\/hbklinika.cz\/dental\/wp-content\/uploads\/bb-plugin\/cache\/cropped-logo2-circle.png","contentUrl":"https:\/\/hbklinika.cz\/dental\/wp-content\/uploads\/bb-plugin\/cache\/cropped-logo2-circle.png"},{"@type":"BreadcrumbList","@id":"https:\/\/hbklinika.cz\/dental\/kontakt\/#breadcrumb","itemListElement":[{"@type":"ListItem","position":1,"name":"Dom\u016f","item":"https:\/\/hbklinika.cz\/dental\/"},{"@type":"ListItem","position":2,"name":"Kontakt"}]},{"@type":"WebSite","@id":"https:\/\/hbklinika.cz\/dental\/#website","url":"https:\/\/hbklinika.cz\/dental\/","name":"HB Klinika Rakovn\u00edk","description":"","publisher":{"@id":"https:\/\/hbklinika.cz\/dental\/#organization"},"potentialAction":[{"@type":"SearchAction","target":{"@type":"EntryPoint","urlTemplate":"https:\/\/hbklinika.cz\/dental\/?s={search_term_string}"},"query-input":"required name=search_term_string"}],"inLanguage":"cs"},{"@type":"Organization","@id":"https:\/\/hbklinika.cz\/dental\/#organization","name":"HB MediCare s.r.o.","url":"https:\/\/hbklinika.cz\/dental\/","logo":{"@type":"ImageObject","inLanguage":"cs","@id":"https:\/\/hbklinika.cz\/dental\/#\/schema\/logo\/image\/","url":"https:\/\/hbklinika.cz\/dental\/wp-content\/uploads\/2023\/08\/cropped-logo2.png","contentUrl":"https:\/\/hbklinika.cz\/dental\/wp-content\/uploads\/2023\/08\/cropped-logo2.png","width":512,"height":512,"caption":"HB MediCare s.r.o."},"image":{"@id":"https:\/\/hbklinika.cz\/dental\/#\/schema\/logo\/image\/"},"sameAs":["https:\/\/facebook.com\/hbklinika","https:\/\/www.instagram.com\/hbklinika"]}]}},"_links":{"self":[{"href":"https:\/\/hbklinika.cz\/dental\/wp-json\/wp\/v2\/pages\/11773","targetHints":{"allow":["GET"]}}],"collection":[{"href":"https:\/\/hbklinika.cz\/dental\/wp-json\/wp\/v2\/pages"}],"about":[{"href":"https:\/\/hbklinika.cz\/dental\/wp-json\/wp\/v2\/types\/page"}],"author":[{"embeddable":true,"href":"https:\/\/hbklinika.cz\/dental\/wp-json\/wp\/v2\/users\/1"}],"replies":[{"embeddable":true,"href":"https:\/\/hbklinika.cz\/dental\/wp-json\/wp\/v2\/comments?post=11773"}],"version-history":[{"count":11,"href":"https:\/\/hbklinika.cz\/dental\/wp-json\/wp\/v2\/pages\/11773\/revisions"}],"predecessor-version":[{"id":13420,"href":"https:\/\/hbklinika.cz\/dental\/wp-json\/wp\/v2\/pages\/11773\/revisions\/13420"}],"wp:attachment":[{"href":"https:\/\/hbklinika.cz\/dental\/wp-json\/wp\/v2\/media?parent=11773"}],"curies":[{"name":"wp","href":"https:\/\/api.w.org\/{rel}","templated":true}]}}