{"id":11762,"date":"2023-07-19T12:47:36","date_gmt":"2023-07-19T10:47:36","guid":{"rendered":"https:\/\/gigatype.website\/?page_id=11762"},"modified":"2026-02-18T09:50:51","modified_gmt":"2026-02-18T08:50:51","slug":"nas-tym","status":"publish","type":"page","link":"https:\/\/hbklinika.cz\/rehabilitace\/nas-tym\/","title":{"rendered":"N\u00e1\u0161 t\u00fdm"},"content":{"rendered":"\n<h4>\n\t\tFyzioterapeuti\n\t<\/h4>\n\t\t\t\t<img loading=\"lazy\" decoding=\"async\" src=\"https:\/\/hbklinika.cz\/rehabilitace\/wp-content\/uploads\/2023\/12\/2.webp\" alt=\"2\" itemprop=\"image\" height=\"1024\" width=\"768\" title=\"2\" onerror=\"this.style.display='none'\"  \/>\n\t<h4><strong>MGR. PAVEL BOHAT\u00dd<\/strong><\/h4>\n<p><em>Vedouc\u00ed fyzioterapeut<\/em><\/p>\n<p>Absolvent Fakulty t\u011blesn\u00e9 v\u00fdchovy a sportu Univerzity Karlovy (Mgr.) a Fakulty biomedic\u00ednsk\u00e9ho in\u017een\u00fdrstv\u00ed \u010cVUT (Bc.). B\u011bhem sv\u00e9 praxe absolvoval zahrani\u010dn\u00ed st\u00e1\u017ee v Estonsku (Rehabilita\u010dn\u00ed klinika v Haapsalu), Belgii (Univerzitn\u00ed nemocnice v Gentu), It\u00e1lii (Univerzitn\u00ed nemocnice v Ancon\u011b) a Portugalsku (kliniky v Lisabonu, Portu a Aveiru). M\u00e1 bohat\u00e9 zku\u0161enosti se sportovn\u00ed fyzioterapi\u00ed z fotbalov\u00e9 akademie AC Sparta Praha a Institutu sportovn\u00edho l\u00e9ka\u0159stv\u00ed. Je dr\u017eitelem certifik\u00e1t\u016f ze Stecco Fascial Manipulation, kurzu palpa\u010dn\u00ed anatomie, fyzioterapie fasci\u00e1ln\u00edch tk\u00e1n\u00ed, koordina\u010dn\u011b-z\u00e1t\u011b\u017eov\u00e9 kinezioterapie, dynamic tapingu a kineziotapingu. Pravideln\u011b se \u00fa\u010dastn\u00ed vzd\u011bl\u00e1vac\u00edch akc\u00ed v oboru.<\/p>\n\t\t\t\t<img loading=\"lazy\" decoding=\"async\" src=\"https:\/\/hbklinika.cz\/rehabilitace\/wp-content\/uploads\/2024\/01\/jit_jan3.webp\" alt=\"jit_jan3\" itemprop=\"image\" height=\"1024\" width=\"768\" title=\"jit_jan3\" onerror=\"this.style.display='none'\"  \/>\n\t<h4><strong>JITKA JANOU\u0160KOV\u00c1, DIS.<\/strong><\/h4>\n<p><em>Fyzioterapeutka<\/em><\/p>\n<p>Sv\u00e9 vzd\u011bl\u00e1n\u00ed z\u00edskala v oboru Diplomovan\u00fd fyzioterapeut na Vy\u0161\u0161\u00ed odborn\u00e9 \u0161kole v P\u0159\u00edbrami. Profesn\u00ed zku\u0161enosti v oboru fyzioterapie nasb\u00edrala zejm\u00e9na v Masarykov\u011b nemocnici v Rakovn\u00edku. Dlouhodob\u011b se specializuje na fyzioterapii nejmen\u0161\u00edch d\u011bt\u00ed a \u0161kol\u00e1k\u016f, kter\u00fdm se v\u011bnovala i jako lektor plav\u00e1n\u00ed kojenc\u016f, batolat a d\u011bt\u00ed p\u0159ed\u0161koln\u00edho a \u0161koln\u00edho v\u011bku. Z \u0159ady absolvovan\u00fdch vzd\u011bl\u00e1vac\u00edch akc\u00ed lze zm\u00ednit kurzy Rehabilitace na podklad\u011b v\u00fdvojov\u00e9 kineziologie, tapingu a kineziotapingu, SM syst\u00e9m nebo plav\u00e1n\u00ed a manipulace s kojenci a batolaty.<\/p>\n\t\t\t\t<img loading=\"lazy\" decoding=\"async\" src=\"https:\/\/hbklinika.cz\/rehabilitace\/wp-content\/uploads\/2023\/12\/6.webp\" alt=\"6\" itemprop=\"image\" height=\"1024\" width=\"768\" title=\"6\" onerror=\"this.style.display='none'\"  \/>\n\t<h4><strong>MGR. ANETA JURGOVSK\u00c1<\/strong><\/h4>\n<p><em>Fyzioterapeutka<\/em><\/p>\n<p>Absolventka Fakulty t\u011blesn\u00e9 v\u00fdchovy a sportu Univerzity Karlovy (Mgr.) a Fakulty biomedic\u00ednsk\u00e9ho in\u017een\u00fdrstv\u00ed \u010cVUT (Bc.). Odborn\u00e9 zku\u0161enosti nabrala na st\u00e1\u017e\u00edch v Rehabilita\u010dn\u00ed nemocnici Beroun, Rehabilita\u010dn\u00edm \u00fastavu Kladruby, Oblastn\u00ed nemocnici Kladno, Rehabilita\u010dn\u00edm \u00fastavu Hostinn\u00e9, Rehabilita\u010dn\u00edm l\u00e1ze\u0148sk\u00e9m sanatoriu Vr\u00e1\u017e u P\u00edsku, Institutu klinick\u00e9 a experiment\u00e1ln\u00ed medic\u00edny, Poliklinice IPP Mysl\u00edkova a Klinice Malvazinky. Z\u00fa\u010dastnila se kurz\u016f spir\u00e1ln\u00ed stabilizace, mo\u017enost\u00ed rehabilitace p\u0159i ovlivn\u011bn\u00ed bolestiv\u00fdch stav\u016f, kineziotapingu, akupresury v syst\u00e9mu celot\u011blov\u00e9 akupunktury a MDT A i B na McKenzie institutu \u010cR. M\u00e1 bohat\u00e9 zku\u0161enosti s neurologick\u00fdmi a ortopedick\u00fdmi diagn\u00f3zami a s p\u00e9\u010d\u00ed o geriatrick\u00e9 pacienty.<\/p>\n\t\t\t\t<img loading=\"lazy\" decoding=\"async\" src=\"https:\/\/hbklinika.cz\/rehabilitace\/wp-content\/uploads\/2024\/08\/554.webp\" alt=\"554\" itemprop=\"image\" height=\"1024\" width=\"768\" title=\"554\" onerror=\"this.style.display='none'\"  \/>\n\t<h4><strong>BC. KAMILA LISNEROV\u00c1<\/strong><\/h4>\n<p><em>Fyzioterapeutka<\/em><\/p>\n<p>Absolventka bakal\u00e1\u0159sk\u00e9ho studia fyzioterapie na Fakult\u011b biomedic\u00ednsk\u00e9ho in\u017een\u00fdrstv\u00ed \u010cVUT. V r\u00e1mci st\u00e1\u017e\u00ed p\u016fsobila na n\u011bkolika tuzemsk\u00fdch pracovi\u0161t\u00edch, kde z\u00edsk\u00e1vala sv\u00e9 zku\u0161enosti. Absolvovala kurz Tejpov\u00e1n\u00ed se zam\u011b\u0159en\u00edm na svalov\u00e9, kloubn\u00ed, korek\u010dn\u00ed a lymfatick\u00e9 techniky a je dr\u017eitelkou certifik\u00e1tu Fyzioterapie ve sportu.<\/p>\n\t\t\t\t<img loading=\"lazy\" decoding=\"async\" src=\"https:\/\/hbklinika.cz\/rehabilitace\/wp-content\/uploads\/2023\/12\/3.webp\" alt=\"3\" itemprop=\"image\" height=\"1024\" width=\"768\" title=\"3\" onerror=\"this.style.display='none'\"  \/>\n\t<h4><strong>MUDR. ING. V\u00c1CLAV NOVOTN\u00dd<\/strong><\/h4>\n<p><em>Fyzioterapeut<\/em><\/p>\n<p>Absolvent V\u0161eobecn\u00e9ho l\u00e9ka\u0159stv\u00ed na 1. L\u00e9ka\u0159sk\u00e9 fakult\u011b Univerzity Karlovy (MUDr.) a absolvent Fyzioterapie na fakult\u011b Biomedic\u00ednsk\u00e9ho In\u017een\u00fdrstv\u00ed \u010cVUT (Bc.) a magistersk\u00e9ho oboru zam\u011b\u0159en\u00fd na management, ekonomii a zdravotn\u00ed techniku FBMI \u010cVUT (Ing.). Praxi v oboru Fyzioterapie z\u00edskal na velk\u00fdch rehabilita\u010dn\u00edch \u00fastavech \u010cR &#8211; Vojensk\u00fd rehabilita\u010dn\u00ed \u00fastav Slapy a l\u016f\u017ekov\u00fdch odd\u011blen\u00edch IKEM nebo m\u00edstn\u00ed Masarykovy Nemocnice v Rakovn\u00edku. Zku\u0161enosti s p\u00e9\u010d\u00ed o sportovn\u00ed ml\u00e1de\u017e a profesion\u00e1ln\u00ed sportovce a \u010deskou reprezentaci m\u00e1 z Centra sportu Ministerstva vnitra &#8211; OLYMP v Praze. Zab\u00fdv\u00e1 se sportovn\u00ed fyzioterapi\u00ed, prevenc\u00ed \u00faraz\u016f, manu\u00e1ln\u00edmi technikami (High Velocity Low Amplitude Manipulation (HVLA) &#8211; American Academy of Manipulative Therapy (AAMT) a fyzik\u00e1ln\u00ed medic\u00ednou ve sportu. Aplikace kineziotapingu, such\u00e9 jehly, myosfasci\u00e1ln\u00ed terapie a l\u00e9\u010dba vertebrogenn\u00edch obt\u00ed\u017e\u00ed.<\/p>\n\t\t\t\t<img loading=\"lazy\" decoding=\"async\" src=\"https:\/\/hbklinika.cz\/rehabilitace\/wp-content\/uploads\/2023\/12\/5.webp\" alt=\"5\" itemprop=\"image\" height=\"1024\" width=\"768\" title=\"5\" onerror=\"this.style.display='none'\"  \/>\n\t<h4><strong>ING. JAN \u0160KULT\u00c9TY<\/strong><\/h4>\n<p><em>Fyzioterapeut<\/em><\/p>\n<p>Absolvent Fakulty biomedic\u00ednsk\u00e9ho in\u017een\u00fdrstv\u00ed \u010cVUT, kde absolvoval bakal\u00e1\u0159sk\u00e9 studium v oboru fyzioterapie (Bc.) a magistersk\u00fd program aplikovan\u00e1 fyzioterapie (Ing.). Bohat\u00e9 zku\u0161enosti nabral ve Fakultn\u00ed nemocnici Kr\u00e1lovsk\u00e9 Vinohrady, Rehabilita\u010dn\u00edm \u00fastavu Kladruby, Hamzov\u011b l\u00e9\u010debn\u011b Lu\u017ee-Ko\u0161umberk, Oblastn\u00ed nemocnici Kladno, OK Rehabilitaci Bud\u011bjovick\u00e1, EUC Klinice Kladno. Z\u00e1rove\u0148 \u00fa\u010dinkuje na Prvn\u00ed certifikovan\u00e9 McKenzie klinice Kladno. V oblasti sportu p\u016fsobil jako fyzioterapeut u reprezentace b\u011b\u017eeck\u00e9ho ly\u017eov\u00e1n\u00ed. Je dr\u017eitelem certifik\u00e1t\u016f z McKenzie A i B, Rock Tape a Adam Meakins: The Shoulder: Complex doesn&#8217;t mean complicated.<\/p>\n\t\t\t\t<img loading=\"lazy\" decoding=\"async\" src=\"https:\/\/hbklinika.cz\/rehabilitace\/wp-content\/uploads\/2026\/02\/ELISKA-VALEROVA-fyzioterapeut.jpeg\" alt=\"Mgr. Eli\u0161ka Valerov\u00e1 - fyzioterapeut\" itemprop=\"image\" height=\"2048\" width=\"1682\" title=\"fyzioterapeut Mgr. Eli\u0161ka Valerov\u00e1\" onerror=\"this.style.display='none'\"  \/>\n\t<h4><strong>MGR. ELI\u0160KA VALEROV\u00c1<\/strong><\/h4>\n<p><em>Fyzioterapeut<\/em><\/p>\nAbsolventka bakal\u00e1\u0159sk\u00e9ho i navazuj\u00edc\u00edho magistersk\u00e9ho studia fyzioterapie na 2. l\u00e9ka\u0159sk\u00e9 fakult\u011b Univerzity Karlovy. <br \/>\nOdborn\u00e9 zku\u0161enosti z\u00edskala b\u011bhem studia a praxe na st\u00e1\u017e\u00edch na v\u0161ech odd\u011blen\u00edch Fakultn\u00ed nemocnice Motol, d\u00e1le nap\u0159\u00edklad v Jansk\u00fdch L\u00e1zn\u00edch a v dal\u0161\u00edch l\u016f\u017ekov\u00fdch i ambulantn\u00edch zdravotnick\u00fdch za\u0159\u00edzen\u00edch.<br \/>\nNa sv\u00e9m p\u0159edchoz\u00edm pracovi\u0161ti v GaRC Kladno pracovala zejm\u00e9na s pacienty s neurologick\u00fdmi a ortopedick\u00fdmi diagn\u00f3zami.<br \/>\nAbsolvovala kurzy Terapeutick\u00e9 vyu\u017eit\u00ed Temtex tapu, Viscero-somatick\u00e9 vztahy a jejich vyu\u017eit\u00ed v klinick\u00e9 praxi, Aplikace v\u00fdvojov\u00e9 kineziologie podle Vojty (A \u010d\u00e1st) a mas\u00e9rsk\u00fd kurz.\n\t\t\t\t<img loading=\"lazy\" decoding=\"async\" src=\"https:\/\/hbklinika.cz\/rehabilitace\/wp-content\/uploads\/2024\/08\/10.webp\" alt=\"10\" itemprop=\"image\" height=\"1024\" width=\"768\" title=\"10\" onerror=\"this.style.display='none'\"  \/>\n\t<h4><strong>LENKA URBANOV\u00c1, DIS.<\/strong><\/h4>\n<p><em>Fyzioterapeutka<\/em><\/p>\n<p>Absolventka studijn\u00edho programu Odborn\u00fd fyzioterapeut na SZ\u0160 a VZ\u0160 Kladno (DiS.). Sv\u00e9 dlouholet\u00e9 zku\u0161enosti sb\u00edrala v Masarykov\u011b nemocnici v Rakovn\u00edku a formou mnoha absolvovan\u00fdch kurz\u016f. Pro p\u0159\u00edklad lze uv\u00e9st Monada &#8211; Fyzioterapie t\u011bhotn\u00fdch, Viscerovertebr\u00e1ln\u00ed vztahy a jejich vyu\u017eit\u00ed, Aplikace v\u00fdvojov\u00e9 kineziologie podle Vojty u hybn\u00fdch poruch v d\u011btsk\u00e9m v\u011bku, Fyzioterapie inkontinentn\u00edch pacient\u016f &#8211; Ostravsk\u00fd koncept, Rehabilita\u010dn\u00ed l\u00e9\u010dba n\u011bkter\u00fdch druh\u016f funk\u010dn\u00ed \u017eensk\u00e9 sterility metodou Moj\u017e\u00ed\u0161ov\u00e9 nebo Manu\u00e1ln\u00ed lymfodren\u00e1\u017e na NCO NZO Brno. Zam\u011b\u0159uje se na de\u030ctskou fyzioterapii, p\u00e9c\u030ci o \u017eenu v r\u00e1mci gynekologick\u00e9 fyzioterapie od probl\u00e9mu\u030a s poc\u030cet\u00edm pr\u030ces obdob\u00ed te\u030chotenstv\u00ed a\u017e po porodn\u00ed obdob\u00ed a okrajov\u011b tak\u00e9 na viscer\u00e1ln\u00ed fyzioterapii.<\/p>\n\t\t\t\t<img loading=\"lazy\" decoding=\"async\" src=\"https:\/\/hbklinika.cz\/rehabilitace\/wp-content\/uploads\/2023\/12\/1.webp\" alt=\"1\" itemprop=\"image\" height=\"1024\" width=\"768\" title=\"1\" onerror=\"this.style.display='none'\"  \/>\n\t<h4><strong>ING. KRIST\u00ddNA WITTLEROV\u00c1<\/strong><\/h4>\n<p><em>Fyzioterapeutka<\/em><\/p>\n<p>Absolventka navazuj\u00edc\u00edho in\u017een\u00fdrsk\u00e9ho a bakal\u00e1\u0159sk\u00e9ho studia Fakulty biomedic\u00ednsk\u00e9ho in\u017een\u00fdrstv\u00ed \u010cVUT. Sv\u00e9 zku\u0161enosti z\u00edskala na prax\u00edch v Hamzov\u011b odborn\u00e9 l\u00e9\u010debn\u011b pro d\u011bti a dosp\u011bl\u00e9 Lu\u017ee &#8211; Ko\u0161umberk, Fakultn\u00ed nemocnici Kr\u00e1lovsk\u00e9 Vinohrady, Rehabilita\u010dn\u00ed nemocnici Beroun, Rehabilita\u010dn\u00edm \u00fastavu Kladruby a Fakultn\u00ed Thomayerov\u011b nemocnici. Je dr\u017eitelkou certifik\u00e1t\u016f z kurzu MDT blok A, FISAF FITNESS CORE &#8211; cvi\u010den\u00ed s d\u011btmi, kineziotapingu &#8211; svalov\u00e9 a korek\u010dn\u00ed techniky, celostn\u00ed p\u0159\u00edstup v terapii jizev, Refresh kurz PNF &#8211; reedukace ch\u016fze.<\/p>\n<h4>\n\t\tFitness specialist\u00e9\n\t<\/h4>\n\t\t\t\t<img loading=\"lazy\" decoding=\"async\" src=\"https:\/\/hbklinika.cz\/rehabilitace\/wp-content\/uploads\/2023\/12\/7.webp\" alt=\"7\" itemprop=\"image\" height=\"1024\" width=\"768\" title=\"7\" onerror=\"this.style.display='none'\"  \/>\n\t<h4><strong>JI\u0158\u00cd KROB, DIS.<\/strong><\/h4>\n<p><em>Fitness specialista<\/em><\/p>\n<p>Absolvent V\u0160TVS Palestra a dlouholet\u00fd spolupracovn\u00edk v pra\u017esk\u00e9m Lanna Gymu, kde se v\u011bnuje p\u0159\u00edprav\u011b a rehabilitaci profesion\u00e1ln\u00edch sportovc\u016f. Vedle p\u00e9\u010de o sportovce se zaj\u00edm\u00e1 o \u010d\u00ednskou medic\u00ednu, kterou moment\u00e1ln\u011b studuje (obor akupunktura). B\u011bhem sv\u00e9 v\u00edce ne\u017e desetilet\u00e9 tren\u00e9rsk\u00e9 praxe vedl Workout campy Slovensko 2017 a 2018 a pravideln\u011b vede semin\u00e1\u0159e na st\u0159ed t\u011bla. Sv\u00e9 zku\u0161enosti z\u00edsk\u00e1val v Movement &amp; Therapy, kde se doposud pod\u00edl\u00ed na vzd\u011bl\u00e1vac\u00edch akc\u00edch raz\u00edc\u00edch tuto filozofii. Z\u00fa\u010dastnil se kurz\u016f 3S DIAGNOSTIKA, mas\u00e9rsk\u00e9, rekondi\u010dn\u00ed a regenera\u010dn\u00ed slu\u017eby v Dexter Academy a SM syst\u00e9m 1 a 2 od Stop Bolesti Zad.<\/p>\n<h4>\n\t\tHled\u00e1me nov\u00e9 kolegy do t\u00fdmu!\n\t<\/h4>\n<h4>\n\t\t<a href=\"mailto:info@hbklinika.cz\" title=\"Kontaktujte n\u00e1s prost\u0159ednictv\u00edm tohoto formul\u00e1\u0159e pro spolupr\u00e1ci\" target=\"_self\">\n\t\tKontaktujte n\u00e1s prost\u0159ednictv\u00edm tohoto formul\u00e1\u0159e pro spolupr\u00e1ci\n\t\t<\/a>\n\t<\/h4>\n\n","protected":false},"excerpt":{"rendered":"<p>Fyzioterapeuti MGR. PAVEL BOHAT\u00dd Vedouc\u00ed fyzioterapeut Absolvent Fakulty t\u011blesn\u00e9 v\u00fdchovy a sportu Univerzity Karlovy (Mgr.) a Fakulty biomedic\u00ednsk\u00e9ho in\u017een\u00fdrstv\u00ed \u010cVUT (Bc.). B\u011bhem sv\u00e9 praxe absolvoval zahrani\u010dn\u00ed st\u00e1\u017ee v Estonsku (Rehabilita\u010dn\u00ed klinika v Haapsalu), Belgii (Univerzitn\u00ed nemocnice v Gentu), It\u00e1lii (Univerzitn\u00ed nemocnice v Ancon\u011b) a Portugalsku (kliniky v Lisabonu, Portu a Aveiru). M\u00e1 bohat\u00e9 zku\u0161enosti se [&hellip;]<\/p>\n","protected":false},"author":1,"featured_media":0,"parent":0,"menu_order":0,"comment_status":"closed","ping_status":"closed","template":"","meta":{"site-sidebar-layout":"default","site-content-layout":"","ast-site-content-layout":"default","site-content-style":"default","site-sidebar-style":"default","ast-global-header-display":"","ast-banner-title-visibility":"","ast-main-header-display":"","ast-hfb-above-header-display":"","ast-hfb-below-header-display":"","ast-hfb-mobile-header-display":"","site-post-title":"","ast-breadcrumbs-content":"","ast-featured-img":"","footer-sml-layout":"","theme-transparent-header-meta":"","adv-header-id-meta":"","stick-header-meta":"","header-above-stick-meta":"","header-main-stick-meta":"","header-below-stick-meta":"","astra-migrate-meta-layouts":"set","ast-page-background-enabled":"default","ast-page-background-meta":{"desktop":{"background-color":"","background-image":"","background-repeat":"repeat","background-position":"center center","background-size":"auto","background-attachment":"scroll","background-type":"","background-media":"","overlay-type":"","overlay-color":"","overlay-gradient":""},"tablet":{"background-color":"","background-image":"","background-repeat":"repeat","background-position":"center center","background-size":"auto","background-attachment":"scroll","background-type":"","background-media":"","overlay-type":"","overlay-color":"","overlay-gradient":""},"mobile":{"background-color":"","background-image":"","background-repeat":"repeat","background-position":"center center","background-size":"auto","background-attachment":"scroll","background-type":"","background-media":"","overlay-type":"","overlay-color":"","overlay-gradient":""}},"ast-content-background-meta":{"desktop":{"background-color":"var(--ast-global-color-5)","background-image":"","background-repeat":"repeat","background-position":"center center","background-size":"auto","background-attachment":"scroll","background-type":"","background-media":"","overlay-type":"","overlay-color":"","overlay-gradient":""},"tablet":{"background-color":"var(--ast-global-color-5)","background-image":"","background-repeat":"repeat","background-position":"center center","background-size":"auto","background-attachment":"scroll","background-type":"","background-media":"","overlay-type":"","overlay-color":"","overlay-gradient":""},"mobile":{"background-color":"var(--ast-global-color-5)","background-image":"","background-repeat":"repeat","background-position":"center center","background-size":"auto","background-attachment":"scroll","background-type":"","background-media":"","overlay-type":"","overlay-color":"","overlay-gradient":""}},"footnotes":""},"class_list":["post-11762","page","type-page","status-publish","hentry"],"yoast_head":"<!-- This site is optimized with the Yoast SEO plugin v22.3 - https:\/\/yoast.com\/wordpress\/plugins\/seo\/ -->\n<title>N\u00e1\u0161 t\u00fdm fyzioterapeut\u016f | HB Klinika - fyzioterapie Rakovn\u00edk<\/title>\n<meta name=\"robots\" content=\"index, follow, max-snippet:-1, max-image-preview:large, max-video-preview:-1\" \/>\n<link rel=\"canonical\" href=\"https:\/\/hbklinika.cz\/rehabilitace\/nas-tym\/\" \/>\n<meta property=\"og:locale\" content=\"cs_CZ\" \/>\n<meta property=\"og:type\" content=\"article\" \/>\n<meta property=\"og:title\" content=\"N\u00e1\u0161 t\u00fdm fyzioterapeut\u016f | HB Klinika - fyzioterapie Rakovn\u00edk\" \/>\n<meta property=\"og:description\" content=\"Fyzioterapeuti MGR. PAVEL BOHAT\u00dd Vedouc\u00ed fyzioterapeut Absolvent Fakulty t\u011blesn\u00e9 v\u00fdchovy a sportu Univerzity Karlovy (Mgr.) a Fakulty biomedic\u00ednsk\u00e9ho in\u017een\u00fdrstv\u00ed \u010cVUT (Bc.). B\u011bhem sv\u00e9 praxe absolvoval zahrani\u010dn\u00ed st\u00e1\u017ee v Estonsku (Rehabilita\u010dn\u00ed klinika v Haapsalu), Belgii (Univerzitn\u00ed nemocnice v Gentu), It\u00e1lii (Univerzitn\u00ed nemocnice v Ancon\u011b) a Portugalsku (kliniky v Lisabonu, Portu a Aveiru). M\u00e1 bohat\u00e9 zku\u0161enosti se [&hellip;]\" \/>\n<meta property=\"og:url\" content=\"https:\/\/hbklinika.cz\/rehabilitace\/nas-tym\/\" \/>\n<meta property=\"article:publisher\" content=\"https:\/\/facebook.com\/hbklinika\" \/>\n<meta property=\"article:modified_time\" content=\"2026-02-18T08:50:51+00:00\" \/>\n<meta property=\"og:image\" content=\"https:\/\/hbklinika.cz\/rehabilitace\/wp-content\/uploads\/2023\/12\/2.webp\" \/>\n<meta name=\"twitter:card\" content=\"summary_large_image\" \/>\n<meta name=\"twitter:label1\" content=\"Odhadovan\u00e1 doba \u010dten\u00ed\" \/>\n\t<meta name=\"twitter:data1\" content=\"6 minut\" \/>\n<script type=\"application\/ld+json\" class=\"yoast-schema-graph\">{\"@context\":\"https:\/\/schema.org\",\"@graph\":[{\"@type\":\"WebPage\",\"@id\":\"https:\/\/hbklinika.cz\/rehabilitace\/nas-tym\/\",\"url\":\"https:\/\/hbklinika.cz\/rehabilitace\/nas-tym\/\",\"name\":\"N\u00e1\u0161 t\u00fdm fyzioterapeut\u016f | HB Klinika - fyzioterapie Rakovn\u00edk\",\"isPartOf\":{\"@id\":\"https:\/\/hbklinika.cz\/rehabilitace\/#website\"},\"primaryImageOfPage\":{\"@id\":\"https:\/\/hbklinika.cz\/rehabilitace\/nas-tym\/#primaryimage\"},\"image\":{\"@id\":\"https:\/\/hbklinika.cz\/rehabilitace\/nas-tym\/#primaryimage\"},\"thumbnailUrl\":\"https:\/\/hbklinika.cz\/rehabilitace\/wp-content\/uploads\/2023\/12\/2.webp\",\"datePublished\":\"2023-07-19T10:47:36+00:00\",\"dateModified\":\"2026-02-18T08:50:51+00:00\",\"breadcrumb\":{\"@id\":\"https:\/\/hbklinika.cz\/rehabilitace\/nas-tym\/#breadcrumb\"},\"inLanguage\":\"cs\",\"potentialAction\":[{\"@type\":\"ReadAction\",\"target\":[\"https:\/\/hbklinika.cz\/rehabilitace\/nas-tym\/\"]}]},{\"@type\":\"ImageObject\",\"inLanguage\":\"cs\",\"@id\":\"https:\/\/hbklinika.cz\/rehabilitace\/nas-tym\/#primaryimage\",\"url\":\"https:\/\/hbklinika.cz\/rehabilitace\/wp-content\/uploads\/2023\/12\/2.webp\",\"contentUrl\":\"https:\/\/hbklinika.cz\/rehabilitace\/wp-content\/uploads\/2023\/12\/2.webp\",\"width\":768,\"height\":1024},{\"@type\":\"BreadcrumbList\",\"@id\":\"https:\/\/hbklinika.cz\/rehabilitace\/nas-tym\/#breadcrumb\",\"itemListElement\":[{\"@type\":\"ListItem\",\"position\":1,\"name\":\"Dom\u016f\",\"item\":\"https:\/\/hbklinika.cz\/rehabilitace\/\"},{\"@type\":\"ListItem\",\"position\":2,\"name\":\"N\u00e1\u0161 t\u00fdm\"}]},{\"@type\":\"WebSite\",\"@id\":\"https:\/\/hbklinika.cz\/rehabilitace\/#website\",\"url\":\"https:\/\/hbklinika.cz\/rehabilitace\/\",\"name\":\"HB Klinika Rakovn\u00edk\",\"description\":\"\",\"publisher\":{\"@id\":\"https:\/\/hbklinika.cz\/rehabilitace\/#organization\"},\"potentialAction\":[{\"@type\":\"SearchAction\",\"target\":{\"@type\":\"EntryPoint\",\"urlTemplate\":\"https:\/\/hbklinika.cz\/rehabilitace\/?s={search_term_string}\"},\"query-input\":\"required name=search_term_string\"}],\"inLanguage\":\"cs\"},{\"@type\":\"Organization\",\"@id\":\"https:\/\/hbklinika.cz\/rehabilitace\/#organization\",\"name\":\"HB MediCare s.r.o.\",\"url\":\"https:\/\/hbklinika.cz\/rehabilitace\/\",\"logo\":{\"@type\":\"ImageObject\",\"inLanguage\":\"cs\",\"@id\":\"https:\/\/hbklinika.cz\/rehabilitace\/#\/schema\/logo\/image\/\",\"url\":\"https:\/\/hbklinika.cz\/rehabilitace\/wp-content\/uploads\/2023\/08\/cropped-logo2.png\",\"contentUrl\":\"https:\/\/hbklinika.cz\/rehabilitace\/wp-content\/uploads\/2023\/08\/cropped-logo2.png\",\"width\":512,\"height\":512,\"caption\":\"HB MediCare s.r.o.\"},\"image\":{\"@id\":\"https:\/\/hbklinika.cz\/rehabilitace\/#\/schema\/logo\/image\/\"},\"sameAs\":[\"https:\/\/facebook.com\/hbklinika\",\"https:\/\/www.instagram.com\/hbklinika\"]}]}<\/script>\n<!-- \/ Yoast SEO plugin. -->","yoast_head_json":{"title":"N\u00e1\u0161 t\u00fdm fyzioterapeut\u016f | HB Klinika - fyzioterapie Rakovn\u00edk","robots":{"index":"index","follow":"follow","max-snippet":"max-snippet:-1","max-image-preview":"max-image-preview:large","max-video-preview":"max-video-preview:-1"},"canonical":"https:\/\/hbklinika.cz\/rehabilitace\/nas-tym\/","og_locale":"cs_CZ","og_type":"article","og_title":"N\u00e1\u0161 t\u00fdm fyzioterapeut\u016f | HB Klinika - fyzioterapie Rakovn\u00edk","og_description":"Fyzioterapeuti MGR. PAVEL BOHAT\u00dd Vedouc\u00ed fyzioterapeut Absolvent Fakulty t\u011blesn\u00e9 v\u00fdchovy a sportu Univerzity Karlovy (Mgr.) a Fakulty biomedic\u00ednsk\u00e9ho in\u017een\u00fdrstv\u00ed \u010cVUT (Bc.). B\u011bhem sv\u00e9 praxe absolvoval zahrani\u010dn\u00ed st\u00e1\u017ee v Estonsku (Rehabilita\u010dn\u00ed klinika v Haapsalu), Belgii (Univerzitn\u00ed nemocnice v Gentu), It\u00e1lii (Univerzitn\u00ed nemocnice v Ancon\u011b) a Portugalsku (kliniky v Lisabonu, Portu a Aveiru). M\u00e1 bohat\u00e9 zku\u0161enosti se [&hellip;]","og_url":"https:\/\/hbklinika.cz\/rehabilitace\/nas-tym\/","article_publisher":"https:\/\/facebook.com\/hbklinika","article_modified_time":"2026-02-18T08:50:51+00:00","og_image":[{"url":"https:\/\/hbklinika.cz\/rehabilitace\/wp-content\/uploads\/2023\/12\/2.webp"}],"twitter_card":"summary_large_image","twitter_misc":{"Odhadovan\u00e1 doba \u010dten\u00ed":"6 minut"},"schema":{"@context":"https:\/\/schema.org","@graph":[{"@type":"WebPage","@id":"https:\/\/hbklinika.cz\/rehabilitace\/nas-tym\/","url":"https:\/\/hbklinika.cz\/rehabilitace\/nas-tym\/","name":"N\u00e1\u0161 t\u00fdm fyzioterapeut\u016f | HB Klinika - fyzioterapie Rakovn\u00edk","isPartOf":{"@id":"https:\/\/hbklinika.cz\/rehabilitace\/#website"},"primaryImageOfPage":{"@id":"https:\/\/hbklinika.cz\/rehabilitace\/nas-tym\/#primaryimage"},"image":{"@id":"https:\/\/hbklinika.cz\/rehabilitace\/nas-tym\/#primaryimage"},"thumbnailUrl":"https:\/\/hbklinika.cz\/rehabilitace\/wp-content\/uploads\/2023\/12\/2.webp","datePublished":"2023-07-19T10:47:36+00:00","dateModified":"2026-02-18T08:50:51+00:00","breadcrumb":{"@id":"https:\/\/hbklinika.cz\/rehabilitace\/nas-tym\/#breadcrumb"},"inLanguage":"cs","potentialAction":[{"@type":"ReadAction","target":["https:\/\/hbklinika.cz\/rehabilitace\/nas-tym\/"]}]},{"@type":"ImageObject","inLanguage":"cs","@id":"https:\/\/hbklinika.cz\/rehabilitace\/nas-tym\/#primaryimage","url":"https:\/\/hbklinika.cz\/rehabilitace\/wp-content\/uploads\/2023\/12\/2.webp","contentUrl":"https:\/\/hbklinika.cz\/rehabilitace\/wp-content\/uploads\/2023\/12\/2.webp","width":768,"height":1024},{"@type":"BreadcrumbList","@id":"https:\/\/hbklinika.cz\/rehabilitace\/nas-tym\/#breadcrumb","itemListElement":[{"@type":"ListItem","position":1,"name":"Dom\u016f","item":"https:\/\/hbklinika.cz\/rehabilitace\/"},{"@type":"ListItem","position":2,"name":"N\u00e1\u0161 t\u00fdm"}]},{"@type":"WebSite","@id":"https:\/\/hbklinika.cz\/rehabilitace\/#website","url":"https:\/\/hbklinika.cz\/rehabilitace\/","name":"HB Klinika Rakovn\u00edk","description":"","publisher":{"@id":"https:\/\/hbklinika.cz\/rehabilitace\/#organization"},"potentialAction":[{"@type":"SearchAction","target":{"@type":"EntryPoint","urlTemplate":"https:\/\/hbklinika.cz\/rehabilitace\/?s={search_term_string}"},"query-input":"required name=search_term_string"}],"inLanguage":"cs"},{"@type":"Organization","@id":"https:\/\/hbklinika.cz\/rehabilitace\/#organization","name":"HB MediCare s.r.o.","url":"https:\/\/hbklinika.cz\/rehabilitace\/","logo":{"@type":"ImageObject","inLanguage":"cs","@id":"https:\/\/hbklinika.cz\/rehabilitace\/#\/schema\/logo\/image\/","url":"https:\/\/hbklinika.cz\/rehabilitace\/wp-content\/uploads\/2023\/08\/cropped-logo2.png","contentUrl":"https:\/\/hbklinika.cz\/rehabilitace\/wp-content\/uploads\/2023\/08\/cropped-logo2.png","width":512,"height":512,"caption":"HB MediCare s.r.o."},"image":{"@id":"https:\/\/hbklinika.cz\/rehabilitace\/#\/schema\/logo\/image\/"},"sameAs":["https:\/\/facebook.com\/hbklinika","https:\/\/www.instagram.com\/hbklinika"]}]}},"_links":{"self":[{"href":"https:\/\/hbklinika.cz\/rehabilitace\/wp-json\/wp\/v2\/pages\/11762","targetHints":{"allow":["GET"]}}],"collection":[{"href":"https:\/\/hbklinika.cz\/rehabilitace\/wp-json\/wp\/v2\/pages"}],"about":[{"href":"https:\/\/hbklinika.cz\/rehabilitace\/wp-json\/wp\/v2\/types\/page"}],"author":[{"embeddable":true,"href":"https:\/\/hbklinika.cz\/rehabilitace\/wp-json\/wp\/v2\/users\/1"}],"replies":[{"embeddable":true,"href":"https:\/\/hbklinika.cz\/rehabilitace\/wp-json\/wp\/v2\/comments?post=11762"}],"version-history":[{"count":114,"href":"https:\/\/hbklinika.cz\/rehabilitace\/wp-json\/wp\/v2\/pages\/11762\/revisions"}],"predecessor-version":[{"id":13380,"href":"https:\/\/hbklinika.cz\/rehabilitace\/wp-json\/wp\/v2\/pages\/11762\/revisions\/13380"}],"wp:attachment":[{"href":"https:\/\/hbklinika.cz\/rehabilitace\/wp-json\/wp\/v2\/media?parent=11762"}],"curies":[{"name":"wp","href":"https:\/\/api.w.org\/{rel}","templated":true}]}}