{"id":11770,"date":"2023-07-19T12:48:58","date_gmt":"2023-07-19T10:48:58","guid":{"rendered":"https:\/\/gigatype.website\/?page_id=11770"},"modified":"2024-09-05T17:56:15","modified_gmt":"2024-09-05T15:56:15","slug":"cenik","status":"publish","type":"page","link":"https:\/\/hbklinika.cz\/rehabilitace\/cenik\/","title":{"rendered":"Cen\u00edk"},"content":{"rendered":"\n\n\t<p>HB KLINIKA je soukrom\u00fdm pracovi\u0161t\u011bm a nen\u00ed smluvn\u00edm partnerem \u017e\u00e1dn\u00e9 ze zdravotn\u00edch poji\u0161\u0165oven. Ve\u0161ker\u00e9 slu\u017eby jsou pln\u011b hrazen\u00e9 z vlastn\u00edch zdroj\u016f klienta. Zru\u0161en\u00ed objednan\u00e9 slu\u017eby je mo\u017en\u00e9 nejpozd\u011bji do 24 hodin p\u0159ed jej\u00edm za\u010d\u00e1tkem. P\u0159i pozd\u011bj\u0161\u00edm zru\u0161en\u00ed bude \u00fa\u010dtov\u00e1no 100% z celkov\u00e9 \u010d\u00e1stky slu\u017eby.<\/p>\n\t<h5><strong>Ka\u017ed\u00e1 prvn\u00ed n\u00e1v\u0161t\u011bva fyzioterapeuta mus\u00ed b\u00fdt vedena jako vstupn\u00ed vy\u0161et\u0159en\u00ed s terapi\u00ed (v\u010d. p\u0159\u00edstrojov\u00e9 diagnostiky).<\/strong><\/h5>\n<h5><strong>Pros\u00edme, p\u0159ineste si s sebou ve\u0161kerou dostupnou zdravotnickou\u00a0dokumentaci.<\/strong><\/h5>\n\t<table border=\"0\" frame=\"VOID\" rules=\"NONE\" cellspacing=\"0\">\n<colgroup>\n<col width=\"390\" \/>\n<col width=\"86\" \/>\n<col width=\"91\" \/><\/colgroup>\n<tbody>\n<tr>\n<td align=\"LEFT\" bgcolor=\"#0BA0F7\" width=\"390\" height=\"18\"><b>Dosp\u011bl\u00e1 fyzioterapie<\/b><\/td>\n<td align=\"LEFT\" bgcolor=\"#0BA0F7\" width=\"86\"><strong>Doba trv\u00e1n\u00ed<\/strong><\/td>\n<td align=\"LEFT\" bgcolor=\"#0BA0F7\" width=\"91\"><strong>Cena<\/strong><\/td>\n<\/tr>\n<tr>\n<td align=\"LEFT\" height=\"17\">Vstupn\u00ed vy\u0161et\u0159en\u00ed s terapi\u00ed (v\u010d.p\u0159\u00edstrojov\u00e9 diagnostiky)<\/td>\n<td align=\"LEFT\">60 minut<\/td>\n<td align=\"LEFT\">1\u00a0200,00 K\u010d<\/td>\n<\/tr>\n<tr>\n<td align=\"LEFT\" height=\"17\">Fyzioterapie 50 minut<\/td>\n<td align=\"LEFT\">50 minut<\/td>\n<td align=\"LEFT\">1\u00a0000,00 K\u010d<\/td>\n<\/tr>\n<tr>\n<td align=\"LEFT\" height=\"17\">Fyzioterapie 30 minut<\/td>\n<td align=\"LEFT\">30 minut<\/td>\n<td align=\"LEFT\">700,00 K\u010d<\/td>\n<\/tr>\n<tr>\n<td align=\"LEFT\" height=\"17\">Bal\u00ed\u010dek fyzioterapie 5x 50 minut<\/td>\n<td align=\"LEFT\">5x 50 minut<\/td>\n<td align=\"LEFT\">4\u00a0500,00 K\u010d<\/td>\n<\/tr>\n<tr>\n<td align=\"LEFT\" height=\"17\">Bal\u00ed\u010dek fyzioterapie 10x 50 minut<\/td>\n<td align=\"LEFT\">10x 50 minut<\/td>\n<td align=\"LEFT\">9\u00a0000,00 K\u010d<\/td>\n<\/tr>\n<tr>\n<td align=\"LEFT\" height=\"17\">Bal\u00ed\u010dek fyzioterapie 5x 30 minut<\/td>\n<td align=\"LEFT\">5x 30 minut<\/td>\n<td align=\"LEFT\">3\u00a0300,00 K\u010d<\/td>\n<\/tr>\n<tr>\n<td align=\"LEFT\" height=\"17\">Bal\u00ed\u010dek fyzioterapie 10x 30 minut<\/td>\n<td align=\"LEFT\">10x 30 minut<\/td>\n<td align=\"LEFT\">6 500,00 K\u010d<\/td>\n<\/tr>\n<\/tbody>\n<\/table>\n\t<table border=\"0\" frame=\"VOID\" rules=\"NONE\" cellspacing=\"0\">\n<colgroup>\n<col width=\"390\" \/>\n<col width=\"86\" \/>\n<col width=\"91\" \/><\/colgroup>\n<tbody>\n<tr>\n<td align=\"LEFT\" bgcolor=\"#0BA0F7\" width=\"390\" height=\"18\"><b>Fyzioterapie pro nejmen\u0161\u00ed a d\u011btsk\u00e1 fyzioterapie<\/b><\/td>\n<td align=\"LEFT\" bgcolor=\"#0BA0F7\" width=\"86\"><strong>Doba trv\u00e1n\u00ed<\/strong><\/td>\n<td align=\"LEFT\" bgcolor=\"#0BA0F7\" width=\"91\"><strong>Cena<\/strong><\/td>\n<\/tr>\n<tr>\n<td align=\"LEFT\" height=\"17\">Vstupn\u00ed fyzioterapie pro nejmen\u0161\u00ed<\/td>\n<td align=\"LEFT\">60 minut<\/td>\n<td align=\"LEFT\">1000,00 K\u010d<\/td>\n<\/tr>\n<tr>\n<td align=\"LEFT\" height=\"17\">Fyzioterapie pro nejmen\u0161\u00ed<\/td>\n<td align=\"LEFT\">50 minut<\/td>\n<td align=\"LEFT\">800,00 K\u010d<\/td>\n<\/tr>\n<tr>\n<td align=\"LEFT\" height=\"17\">Psychomotorick\u00e1 poradna<\/td>\n<td align=\"LEFT\">60 minut<\/td>\n<td align=\"LEFT\">1\u00a0000,00 K\u010d<\/td>\n<\/tr>\n<tr>\n<td align=\"LEFT\" height=\"17\">Vstupn\u00ed d\u011btsk\u00e1 fyzioterapie (od 7 let)<\/td>\n<td align=\"LEFT\">60 minut<\/td>\n<td align=\"LEFT\">1\u00a0000,00 K\u010d<\/td>\n<\/tr>\n<tr>\n<td align=\"LEFT\" height=\"17\">D\u011btsk\u00e1 fyzioterapie (od 7 let)<\/td>\n<td align=\"LEFT\">50 minut<\/td>\n<td align=\"LEFT\">800,00 K\u010d<\/td>\n<\/tr>\n<\/tbody>\n<\/table>\n\t<table border=\"0\" frame=\"VOID\" rules=\"NONE\" cellspacing=\"0\">\n<colgroup>\n<col width=\"390\" \/>\n<col width=\"86\" \/>\n<col width=\"91\" \/><\/colgroup>\n<tbody>\n<tr>\n<td align=\"LEFT\" bgcolor=\"#0BA0F7\" height=\"18\"><b>P\u0159\u00edstrojov\u00e1 fyzioterapie<\/b><\/td>\n<td align=\"LEFT\" bgcolor=\"#0BA0F7\"><strong>Doba trv\u00e1n\u00ed<\/strong><\/td>\n<td align=\"LEFT\" bgcolor=\"#0BA0F7\"><strong>Cena<\/strong><\/td>\n<\/tr>\n<tr>\n<td align=\"LEFT\" height=\"18\"><b>Radi\u00e1ln\u00ed r\u00e1zov\u00e1 vlna (RSWT)<\/b><\/td>\n<td align=\"LEFT\"><\/td>\n<td align=\"LEFT\"><\/td>\n<\/tr>\n<tr>\n<td align=\"LEFT\" height=\"17\">Aplikace r\u00e1zov\u00e9 vlny<\/td>\n<td align=\"LEFT\">15 minut<\/td>\n<td align=\"LEFT\">400,00 K\u010d<\/td>\n<\/tr>\n<tr>\n<td align=\"LEFT\" height=\"17\">Aplikace r\u00e1zov\u00e9 vlny v r\u00e1mci fyzioterapie<\/td>\n<td align=\"LEFT\">15 minut<\/td>\n<td align=\"LEFT\">250,00 K\u010d<\/td>\n<\/tr>\n<tr>\n<td align=\"LEFT\" height=\"17\">Bal\u00ed\u010dek aplikace r\u00e1zov\u00e9 vlny 5x<\/td>\n<td align=\"LEFT\">5x 15 minut<\/td>\n<td align=\"LEFT\">1\u00a0700,00 K\u010d<\/td>\n<\/tr>\n<tr>\n<td align=\"LEFT\" height=\"17\">Bal\u00ed\u010dek aplikace r\u00e1zov\u00e9 vlny 10x<\/td>\n<td align=\"LEFT\">10x 15 minut<\/td>\n<td align=\"LEFT\">3\u00a0200,00 K\u010d<\/td>\n<\/tr>\n<tr>\n<td align=\"LEFT\" height=\"18\"><b>Vysokov\u00fdkonov\u00fd laser (HILT)<\/b><\/td>\n<td align=\"LEFT\"><\/td>\n<td align=\"LEFT\"><\/td>\n<\/tr>\n<tr>\n<td align=\"LEFT\" height=\"17\">Aplikace vysokov\u00fdkov\u00e9ho laseru<\/td>\n<td align=\"LEFT\">15 minut<\/td>\n<td align=\"LEFT\">400,00 K\u010d<\/td>\n<\/tr>\n<tr>\n<td align=\"LEFT\" height=\"17\">Aplikace vysokov\u00fdkonov\u00e9 laseru v r\u00e1mci fyzioterapie<\/td>\n<td align=\"LEFT\">15 minut<\/td>\n<td align=\"LEFT\">250,00 K\u010d<\/td>\n<\/tr>\n<tr>\n<td align=\"LEFT\" height=\"17\">Bal\u00ed\u010dek aplikace vysokov\u00fdkonov\u00e9ho laseru 5x<\/td>\n<td align=\"LEFT\">5x 15 minut<\/td>\n<td align=\"LEFT\">1\u00a0700,00 K\u010d<\/td>\n<\/tr>\n<tr>\n<td align=\"LEFT\" height=\"17\">Bal\u00ed\u010dek aplikace vysokov\u00fdkonov\u00e9ho laseru 10x<\/td>\n<td align=\"LEFT\">10x 15 minut<\/td>\n<td align=\"LEFT\">3\u00a0200,00 K\u010d<\/td>\n<\/tr>\n<tr>\n<td align=\"LEFT\" height=\"18\"><b>P\u0159\u00edstrojov\u00e1 lymfodren\u00e1\u017e<\/b><\/td>\n<td align=\"LEFT\"><\/td>\n<td align=\"LEFT\"><\/td>\n<\/tr>\n<tr>\n<td align=\"LEFT\" height=\"17\">P\u0159\u00edstrojov\u00e1 lymfodren\u00e1\u017e v\u010detn\u011b konzultace<\/td>\n<td align=\"LEFT\">60 minut<\/td>\n<td align=\"LEFT\">600,00 K\u010d<\/td>\n<\/tr>\n<tr>\n<td align=\"LEFT\" height=\"17\">Navazuj\u00edc\u00ed p\u0159\u00edstrojov\u00e1 lymfodren\u00e1\u017e<\/td>\n<td align=\"LEFT\">50 minut<\/td>\n<td align=\"LEFT\">400,00 K\u010d<\/td>\n<\/tr>\n<tr>\n<td align=\"LEFT\" height=\"17\">Bal\u00ed\u010dek p\u0159\u00edstrojov\u00e9 lymfodren\u00e1\u017ee 5x<\/td>\n<td align=\"LEFT\">5x 50 minut<\/td>\n<td align=\"LEFT\">1\u00a0700,00 K\u010d<\/td>\n<\/tr>\n<tr>\n<td align=\"LEFT\" height=\"17\">Bal\u00ed\u010dek p\u0159\u00edstrojov\u00e9 lymfodren\u00e1\u017ee 10x<\/td>\n<td align=\"LEFT\">10x 50 minut<\/td>\n<td align=\"LEFT\">3\u00a0200,00 K\u010d<\/td>\n<\/tr>\n<\/tbody>\n<\/table>\n\t<table border=\"0\" frame=\"VOID\" rules=\"NONE\" cellspacing=\"0\">\n<colgroup>\n<col width=\"390\" \/>\n<col width=\"86\" \/>\n<col width=\"91\" \/><\/colgroup>\n<tbody>\n<tr>\n<td align=\"LEFT\" bgcolor=\"#0BA0F7\" height=\"18\"><b>Mas\u00e1\u017e<\/b><\/td>\n<td align=\"LEFT\" bgcolor=\"#0BA0F7\"><strong>Doba trv\u00e1n\u00ed<\/strong><\/td>\n<td align=\"LEFT\" bgcolor=\"#0BA0F7\"><strong>Cena<\/strong><\/td>\n<\/tr>\n<tr>\n<td align=\"LEFT\" height=\"17\">Mas\u00e1\u017e<\/td>\n<td align=\"LEFT\">45 minut<\/td>\n<td align=\"LEFT\">700,00 K\u010d<\/td>\n<\/tr>\n<\/tbody>\n<\/table>\n\t<table border=\"0\" frame=\"VOID\" rules=\"NONE\" cellspacing=\"0\">\n<colgroup>\n<col width=\"390\" \/>\n<col width=\"86\" \/>\n<col width=\"91\" \/><\/colgroup>\n<tbody>\n<tr>\n<td align=\"LEFT\" bgcolor=\"#0BA0F7\" height=\"18\"><b>Dal\u0161\u00ed terapie<\/b><\/td>\n<td align=\"LEFT\" bgcolor=\"#0BA0F7\"><strong>Doba trv\u00e1n\u00ed<\/strong><\/td>\n<td align=\"LEFT\" bgcolor=\"#0BA0F7\"><strong>Cena<\/strong><\/td>\n<\/tr>\n<tr>\n<td align=\"LEFT\" height=\"17\">Terapie suchou jehlou<\/td>\n<td align=\"LEFT\">30 minut<\/td>\n<td align=\"LEFT\">500,00 K\u010d<\/td>\n<\/tr>\n<tr>\n<td align=\"LEFT\" height=\"17\">Ba\u0148kov\u00e1n\u00ed<\/td>\n<td align=\"LEFT\">30 minut<\/td>\n<td align=\"LEFT\">500,00 K\u010d<\/td>\n<\/tr>\n<\/tbody>\n<\/table>\n\t<table border=\"0\" frame=\"VOID\" rules=\"NONE\" cellspacing=\"0\">\n<colgroup>\n<col width=\"390\" \/>\n<col width=\"86\" \/>\n<col width=\"91\" \/><\/colgroup>\n<tbody>\n<tr>\n<td align=\"LEFT\" bgcolor=\"#0BA0F7\" height=\"18\"><b>Nadstavbov\u00e1 vy\u0161et\u0159en\u00ed<\/b><\/td>\n<td align=\"LEFT\" bgcolor=\"#0BA0F7\"><strong>Doba trv\u00e1n\u00ed<\/strong><\/td>\n<td align=\"LEFT\" bgcolor=\"#0BA0F7\"><strong>Cena<\/strong><\/td>\n<\/tr>\n<tr>\n<td align=\"LEFT\" height=\"18\"><b>Podologick\u00e9 vy\u0161et\u0159en\u00ed<\/b><\/td>\n<td align=\"LEFT\"><\/td>\n<td align=\"LEFT\"><\/td>\n<\/tr>\n<tr>\n<td align=\"LEFT\" height=\"17\">Vy\u0161et\u0159en\u00ed s vyu\u017eit\u00edm podoskopu<\/td>\n<td align=\"LEFT\">10 minut<\/td>\n<td align=\"LEFT\">400,00 K\u010d<\/td>\n<\/tr>\n<tr>\n<td align=\"LEFT\" height=\"17\">Vy\u0161et\u0159en\u00ed s vyu\u017eit\u00edm podoskopu v r\u00e1mci fyzioterapie<\/td>\n<td align=\"LEFT\">10 minut<\/td>\n<td align=\"LEFT\">200,00 K\u010d<\/td>\n<\/tr>\n<tr>\n<td align=\"LEFT\" height=\"18\"><b>Ultrasonografick\u00e9 vy\u0161et\u0159en\u00ed pohybov\u00e9ho apar\u00e1tu*<\/b><\/td>\n<td align=\"LEFT\"><\/td>\n<td align=\"LEFT\"><\/td>\n<\/tr>\n<tr>\n<td align=\"LEFT\" height=\"17\">Ultrazvukov\u00e9 vy\u0161et\u0159en\u00ed<\/td>\n<td align=\"LEFT\">15 minut<\/td>\n<td align=\"LEFT\">400,00 K\u010d<\/td>\n<\/tr>\n<tr>\n<td align=\"LEFT\" height=\"17\">Ultrazvukov\u00e9 vy\u0161et\u0159en\u00ed v r\u00e1mci fyzioterapie<\/td>\n<td align=\"LEFT\">15 minut<\/td>\n<td align=\"LEFT\">200,00 K\u010d<\/td>\n<\/tr>\n<\/tbody>\n<\/table>\n<p><strong>*<\/strong>Jedn\u00e1 se o orienta\u010dn\u00ed vy\u0161et\u0159en\u00ed pro \u00fa\u010dely fyzioterapie. V\u00fdstupem nen\u00ed ekvivalent vy\u0161et\u0159en\u00ed radiologem.<\/p>\n\t<table border=\"0\" frame=\"VOID\" rules=\"NONE\" cellspacing=\"0\">\n<colgroup>\n<col width=\"390\" \/>\n<col width=\"86\" \/>\n<col width=\"91\" \/><\/colgroup>\n<tbody>\n<tr>\n<td align=\"LEFT\" bgcolor=\"#0BA0F7\" height=\"18\"><b>Kineziotaping<\/b><\/td>\n<td align=\"LEFT\" bgcolor=\"#0BA0F7\"><strong>Doba trv\u00e1n\u00ed<\/strong><\/td>\n<td align=\"LEFT\" bgcolor=\"#0BA0F7\"><strong>Cena<\/strong><\/td>\n<\/tr>\n<tr>\n<td align=\"LEFT\" height=\"17\">Aplikace kineziotapu (cena dle materi\u00e1lu)<\/td>\n<td align=\"LEFT\">10 minut<\/td>\n<td align=\"LEFT\">200-400<\/td>\n<\/tr>\n<\/tbody>\n<\/table>\n\t<table border=\"0\" frame=\"VOID\" rules=\"NONE\" cellspacing=\"0\">\n<colgroup>\n<col width=\"390\" \/>\n<col width=\"86\" \/>\n<col width=\"91\" \/><\/colgroup>\n<tbody>\n<tr>\n<td align=\"LEFT\" bgcolor=\"#0BA0F7\" height=\"18\"><b>Individu\u00e1ln\u00ed, na m\u00edru upraven\u00fd, sportovn\u00ed tr\u00e9nink<\/b><\/td>\n<td align=\"LEFT\" bgcolor=\"#0BA0F7\"><strong>Doba trv\u00e1n\u00ed<\/strong><\/td>\n<td align=\"LEFT\" bgcolor=\"#0BA0F7\"><strong>Cena<\/strong><\/td>\n<\/tr>\n<tr>\n<td align=\"LEFT\" height=\"17\">Samostatn\u00e1 lekce<\/td>\n<td align=\"LEFT\">60 minut<\/td>\n<td align=\"LEFT\">1\u00a0000,00 K\u010d<\/td>\n<\/tr>\n<tr>\n<td align=\"LEFT\" height=\"17\">Rekonvalescence po sportovn\u00edm v\u00fdkonu (v\u010d. mas\u00e1\u017ee)<\/td>\n<td align=\"LEFT\">60 minut<\/td>\n<td align=\"LEFT\">1\u00a0000,00 K\u010d<\/td>\n<\/tr>\n<tr>\n<td align=\"LEFT\" height=\"17\">M\u011bs\u00ed\u010dn\u00ed bal\u00ed\u010dek (zahrnuje \u010dty\u0159i lekce v m\u011bs\u00edci)<\/td>\n<td align=\"LEFT\">4x 60 minut<\/td>\n<td align=\"LEFT\">3\u00a0500,00 K\u010d<\/td>\n<\/tr>\n<tr>\n<td align=\"LEFT\" height=\"17\">P\u016flro\u010dn\u00ed bal\u00ed\u010dek (zahrnuje \u010dty\u0159i lekce v m\u011bs\u00edci po dobu 6 m\u011bs\u00edc\u016f)<\/td>\n<td align=\"LEFT\">24x 60 minut<\/td>\n<td align=\"LEFT\">20\u00a0000,00 K\u010d<\/td>\n<\/tr>\n<\/tbody>\n<\/table>\n\t<table border=\"0\" frame=\"VOID\" rules=\"NONE\" cellspacing=\"0\">\n<colgroup>\n<col width=\"340\" \/>\n<col width=\"50\" \/><\/colgroup>\n<tbody>\n<tr>\n<td align=\"LEFT\" bgcolor=\"#0BA0F7\" height=\"18\"><b>D\u00e1rkov\u00e9 poukazy<\/b><\/td>\n<td align=\"LEFT\" bgcolor=\"#0BA0F7\"><strong>Cena<\/strong><\/td>\n<\/tr>\n<tr>\n<td align=\"LEFT\" height=\"17\">D\u00e1rkov\u00fd poukaz v hodnot\u011b 500 K\u010d<\/td>\n<td align=\"LEFT\">500,00 K\u010d<\/td>\n<\/tr>\n<tr>\n<td align=\"LEFT\" height=\"17\">D\u00e1rkov\u00fd poukaz v hodnot\u011b 1000 K\u010d<\/td>\n<td align=\"LEFT\">1 000,00 K\u010d<\/td>\n<\/tr>\n<tr>\n<td align=\"LEFT\" height=\"17\">D\u00e1rkov\u00fd poukaz v hodnot\u011b 2 000 K\u010d<\/td>\n<td align=\"LEFT\">2 000,00 K\u010d<\/td>\n<\/tr>\n<tr>\n<td align=\"LEFT\" height=\"17\">D\u00e1rkov\u00fd poukaz v hodnot\u011b 5 000 K\u010d<\/td>\n<td align=\"LEFT\">5 000,00 K\u010d<\/td>\n<\/tr>\n<\/tbody>\n<\/table>\n\t<table border=\"0\" frame=\"VOID\" rules=\"NONE\" cellspacing=\"0\">\n<colgroup>\n<col width=\"390\" \/>\n<col width=\"86\" \/>\n<col width=\"91\" \/><\/colgroup>\n<tbody>\n<tr>\n<td align=\"LEFT\" bgcolor=\"#0BA0F7\" height=\"18\"><b>Dal\u0161\u00ed slu\u017eby<\/b><\/td>\n<td align=\"LEFT\" bgcolor=\"#0BA0F7\"><strong>Doba trv\u00e1n\u00ed<\/strong><\/td>\n<td align=\"LEFT\" bgcolor=\"#0BA0F7\"><strong>Cena<\/strong><\/td>\n<\/tr>\n<tr>\n<td align=\"LEFT\" height=\"17\">Pron\u00e1jem prostor\u016f t\u011blocvi\u010dny<\/td>\n<td align=\"LEFT\">individu\u00e1ln\u011b<\/td>\n<td align=\"LEFT\">individu\u00e1ln\u011b<\/td>\n<\/tr>\n<\/tbody>\n<\/table>\n\t<h4><strong>Zarezervujte si term\u00edn n\u00e1v\u0161t\u011bvy<\/strong><\/h4>\n\t<p><a href=\"https:\/\/app.fyzion.cz\/rezervace\/2fa6f1bc-c5be-410f-a88b-0b8c9a751733\/1-krok\">Objednat se<\/a><\/p>\n\n","protected":false},"excerpt":{"rendered":"<p>HB KLINIKA je soukrom\u00fdm pracovi\u0161t\u011bm a nen\u00ed smluvn\u00edm partnerem \u017e\u00e1dn\u00e9 ze zdravotn\u00edch poji\u0161\u0165oven. Ve\u0161ker\u00e9 slu\u017eby jsou pln\u011b hrazen\u00e9 z vlastn\u00edch zdroj\u016f klienta. Zru\u0161en\u00ed objednan\u00e9 slu\u017eby je mo\u017en\u00e9 nejpozd\u011bji do 24 hodin p\u0159ed jej\u00edm za\u010d\u00e1tkem. P\u0159i pozd\u011bj\u0161\u00edm zru\u0161en\u00ed bude \u00fa\u010dtov\u00e1no 100% z celkov\u00e9 \u010d\u00e1stky slu\u017eby. Ka\u017ed\u00e1 prvn\u00ed n\u00e1v\u0161t\u011bva fyzioterapeuta mus\u00ed b\u00fdt vedena jako vstupn\u00ed vy\u0161et\u0159en\u00ed s [&hellip;]<\/p>\n","protected":false},"author":1,"featured_media":0,"parent":0,"menu_order":0,"comment_status":"closed","ping_status":"closed","template":"","meta":{"site-sidebar-layout":"default","site-content-layout":"","ast-site-content-layout":"default","site-content-style":"default","site-sidebar-style":"default","ast-global-header-display":"","ast-banner-title-visibility":"","ast-main-header-display":"","ast-hfb-above-header-display":"","ast-hfb-below-header-display":"","ast-hfb-mobile-header-display":"","site-post-title":"","ast-breadcrumbs-content":"","ast-featured-img":"","footer-sml-layout":"","theme-transparent-header-meta":"","adv-header-id-meta":"","stick-header-meta":"","header-above-stick-meta":"","header-main-stick-meta":"","header-below-stick-meta":"","astra-migrate-meta-layouts":"set","ast-page-background-enabled":"default","ast-page-background-meta":{"desktop":{"background-color":"","background-image":"","background-repeat":"repeat","background-position":"center center","background-size":"auto","background-attachment":"scroll","background-type":"","background-media":"","overlay-type":"","overlay-color":"","overlay-gradient":""},"tablet":{"background-color":"","background-image":"","background-repeat":"repeat","background-position":"center center","background-size":"auto","background-attachment":"scroll","background-type":"","background-media":"","overlay-type":"","overlay-color":"","overlay-gradient":""},"mobile":{"background-color":"","background-image":"","background-repeat":"repeat","background-position":"center center","background-size":"auto","background-attachment":"scroll","background-type":"","background-media":"","overlay-type":"","overlay-color":"","overlay-gradient":""}},"ast-content-background-meta":{"desktop":{"background-color":"var(--ast-global-color-5)","background-image":"","background-repeat":"repeat","background-position":"center center","background-size":"auto","background-attachment":"scroll","background-type":"","background-media":"","overlay-type":"","overlay-color":"","overlay-gradient":""},"tablet":{"background-color":"var(--ast-global-color-5)","background-image":"","background-repeat":"repeat","background-position":"center center","background-size":"auto","background-attachment":"scroll","background-type":"","background-media":"","overlay-type":"","overlay-color":"","overlay-gradient":""},"mobile":{"background-color":"var(--ast-global-color-5)","background-image":"","background-repeat":"repeat","background-position":"center center","background-size":"auto","background-attachment":"scroll","background-type":"","background-media":"","overlay-type":"","overlay-color":"","overlay-gradient":""}},"footnotes":""},"class_list":["post-11770","page","type-page","status-publish","hentry"],"yoast_head":"<!-- This site is optimized with the Yoast SEO plugin v22.3 - https:\/\/yoast.com\/wordpress\/plugins\/seo\/ -->\n<title>Cen\u00edk fyzioterapie a rehabilitace | HB Klinika Rakovn\u00edk<\/title>\n<meta name=\"robots\" content=\"index, follow, max-snippet:-1, max-image-preview:large, max-video-preview:-1\" \/>\n<link rel=\"canonical\" href=\"https:\/\/hbklinika.cz\/rehabilitace\/cenik\/\" \/>\n<meta property=\"og:locale\" content=\"cs_CZ\" \/>\n<meta property=\"og:type\" content=\"article\" \/>\n<meta property=\"og:title\" content=\"Cen\u00edk fyzioterapie a rehabilitace | HB Klinika Rakovn\u00edk\" \/>\n<meta property=\"og:description\" content=\"HB KLINIKA je soukrom\u00fdm pracovi\u0161t\u011bm a nen\u00ed smluvn\u00edm partnerem \u017e\u00e1dn\u00e9 ze zdravotn\u00edch poji\u0161\u0165oven. Ve\u0161ker\u00e9 slu\u017eby jsou pln\u011b hrazen\u00e9 z vlastn\u00edch zdroj\u016f klienta. Zru\u0161en\u00ed objednan\u00e9 slu\u017eby je mo\u017en\u00e9 nejpozd\u011bji do 24 hodin p\u0159ed jej\u00edm za\u010d\u00e1tkem. P\u0159i pozd\u011bj\u0161\u00edm zru\u0161en\u00ed bude \u00fa\u010dtov\u00e1no 100% z celkov\u00e9 \u010d\u00e1stky slu\u017eby. Ka\u017ed\u00e1 prvn\u00ed n\u00e1v\u0161t\u011bva fyzioterapeuta mus\u00ed b\u00fdt vedena jako vstupn\u00ed vy\u0161et\u0159en\u00ed s [&hellip;]\" \/>\n<meta property=\"og:url\" content=\"https:\/\/hbklinika.cz\/rehabilitace\/cenik\/\" \/>\n<meta property=\"article:publisher\" content=\"https:\/\/facebook.com\/hbklinika\" \/>\n<meta property=\"article:modified_time\" content=\"2024-09-05T15:56:15+00:00\" \/>\n<meta property=\"og:image\" content=\"https:\/\/hbklinika.cz\/rehabilitace\/wp-content\/uploads\/2023\/07\/cropped-Navrh-bez-nazvu-PhotoRoom.png-PhotoRoom.png\" \/>\n\t<meta property=\"og:image:width\" content=\"640\" \/>\n\t<meta property=\"og:image:height\" content=\"343\" \/>\n\t<meta property=\"og:image:type\" content=\"image\/png\" \/>\n<meta name=\"twitter:card\" content=\"summary_large_image\" \/>\n<meta name=\"twitter:label1\" content=\"Odhadovan\u00e1 doba \u010dten\u00ed\" \/>\n\t<meta name=\"twitter:data1\" content=\"3 minuty\" \/>\n<script type=\"application\/ld+json\" class=\"yoast-schema-graph\">{\"@context\":\"https:\/\/schema.org\",\"@graph\":[{\"@type\":\"WebPage\",\"@id\":\"https:\/\/hbklinika.cz\/rehabilitace\/cenik\/\",\"url\":\"https:\/\/hbklinika.cz\/rehabilitace\/cenik\/\",\"name\":\"Cen\u00edk fyzioterapie a rehabilitace | HB Klinika Rakovn\u00edk\",\"isPartOf\":{\"@id\":\"https:\/\/hbklinika.cz\/rehabilitace\/#website\"},\"datePublished\":\"2023-07-19T10:48:58+00:00\",\"dateModified\":\"2024-09-05T15:56:15+00:00\",\"breadcrumb\":{\"@id\":\"https:\/\/hbklinika.cz\/rehabilitace\/cenik\/#breadcrumb\"},\"inLanguage\":\"cs\",\"potentialAction\":[{\"@type\":\"ReadAction\",\"target\":[\"https:\/\/hbklinika.cz\/rehabilitace\/cenik\/\"]}]},{\"@type\":\"BreadcrumbList\",\"@id\":\"https:\/\/hbklinika.cz\/rehabilitace\/cenik\/#breadcrumb\",\"itemListElement\":[{\"@type\":\"ListItem\",\"position\":1,\"name\":\"Dom\u016f\",\"item\":\"https:\/\/hbklinika.cz\/rehabilitace\/\"},{\"@type\":\"ListItem\",\"position\":2,\"name\":\"Cen\u00edk\"}]},{\"@type\":\"WebSite\",\"@id\":\"https:\/\/hbklinika.cz\/rehabilitace\/#website\",\"url\":\"https:\/\/hbklinika.cz\/rehabilitace\/\",\"name\":\"HB Klinika Rakovn\u00edk\",\"description\":\"\",\"publisher\":{\"@id\":\"https:\/\/hbklinika.cz\/rehabilitace\/#organization\"},\"potentialAction\":[{\"@type\":\"SearchAction\",\"target\":{\"@type\":\"EntryPoint\",\"urlTemplate\":\"https:\/\/hbklinika.cz\/rehabilitace\/?s={search_term_string}\"},\"query-input\":\"required name=search_term_string\"}],\"inLanguage\":\"cs\"},{\"@type\":\"Organization\",\"@id\":\"https:\/\/hbklinika.cz\/rehabilitace\/#organization\",\"name\":\"HB MediCare s.r.o.\",\"url\":\"https:\/\/hbklinika.cz\/rehabilitace\/\",\"logo\":{\"@type\":\"ImageObject\",\"inLanguage\":\"cs\",\"@id\":\"https:\/\/hbklinika.cz\/rehabilitace\/#\/schema\/logo\/image\/\",\"url\":\"https:\/\/hbklinika.cz\/rehabilitace\/wp-content\/uploads\/2023\/08\/cropped-logo2.png\",\"contentUrl\":\"https:\/\/hbklinika.cz\/rehabilitace\/wp-content\/uploads\/2023\/08\/cropped-logo2.png\",\"width\":512,\"height\":512,\"caption\":\"HB MediCare s.r.o.\"},\"image\":{\"@id\":\"https:\/\/hbklinika.cz\/rehabilitace\/#\/schema\/logo\/image\/\"},\"sameAs\":[\"https:\/\/facebook.com\/hbklinika\",\"https:\/\/www.instagram.com\/hbklinika\"]}]}<\/script>\n<!-- \/ Yoast SEO plugin. -->","yoast_head_json":{"title":"Cen\u00edk fyzioterapie a rehabilitace | HB Klinika Rakovn\u00edk","robots":{"index":"index","follow":"follow","max-snippet":"max-snippet:-1","max-image-preview":"max-image-preview:large","max-video-preview":"max-video-preview:-1"},"canonical":"https:\/\/hbklinika.cz\/rehabilitace\/cenik\/","og_locale":"cs_CZ","og_type":"article","og_title":"Cen\u00edk fyzioterapie a rehabilitace | HB Klinika Rakovn\u00edk","og_description":"HB KLINIKA je soukrom\u00fdm pracovi\u0161t\u011bm a nen\u00ed smluvn\u00edm partnerem \u017e\u00e1dn\u00e9 ze zdravotn\u00edch poji\u0161\u0165oven. Ve\u0161ker\u00e9 slu\u017eby jsou pln\u011b hrazen\u00e9 z vlastn\u00edch zdroj\u016f klienta. Zru\u0161en\u00ed objednan\u00e9 slu\u017eby je mo\u017en\u00e9 nejpozd\u011bji do 24 hodin p\u0159ed jej\u00edm za\u010d\u00e1tkem. P\u0159i pozd\u011bj\u0161\u00edm zru\u0161en\u00ed bude \u00fa\u010dtov\u00e1no 100% z celkov\u00e9 \u010d\u00e1stky slu\u017eby. Ka\u017ed\u00e1 prvn\u00ed n\u00e1v\u0161t\u011bva fyzioterapeuta mus\u00ed b\u00fdt vedena jako vstupn\u00ed vy\u0161et\u0159en\u00ed s [&hellip;]","og_url":"https:\/\/hbklinika.cz\/rehabilitace\/cenik\/","article_publisher":"https:\/\/facebook.com\/hbklinika","article_modified_time":"2024-09-05T15:56:15+00:00","og_image":[{"width":640,"height":343,"url":"https:\/\/hbklinika.cz\/rehabilitace\/wp-content\/uploads\/2023\/07\/cropped-Navrh-bez-nazvu-PhotoRoom.png-PhotoRoom.png","type":"image\/png"}],"twitter_card":"summary_large_image","twitter_misc":{"Odhadovan\u00e1 doba \u010dten\u00ed":"3 minuty"},"schema":{"@context":"https:\/\/schema.org","@graph":[{"@type":"WebPage","@id":"https:\/\/hbklinika.cz\/rehabilitace\/cenik\/","url":"https:\/\/hbklinika.cz\/rehabilitace\/cenik\/","name":"Cen\u00edk fyzioterapie a rehabilitace | HB Klinika Rakovn\u00edk","isPartOf":{"@id":"https:\/\/hbklinika.cz\/rehabilitace\/#website"},"datePublished":"2023-07-19T10:48:58+00:00","dateModified":"2024-09-05T15:56:15+00:00","breadcrumb":{"@id":"https:\/\/hbklinika.cz\/rehabilitace\/cenik\/#breadcrumb"},"inLanguage":"cs","potentialAction":[{"@type":"ReadAction","target":["https:\/\/hbklinika.cz\/rehabilitace\/cenik\/"]}]},{"@type":"BreadcrumbList","@id":"https:\/\/hbklinika.cz\/rehabilitace\/cenik\/#breadcrumb","itemListElement":[{"@type":"ListItem","position":1,"name":"Dom\u016f","item":"https:\/\/hbklinika.cz\/rehabilitace\/"},{"@type":"ListItem","position":2,"name":"Cen\u00edk"}]},{"@type":"WebSite","@id":"https:\/\/hbklinika.cz\/rehabilitace\/#website","url":"https:\/\/hbklinika.cz\/rehabilitace\/","name":"HB Klinika Rakovn\u00edk","description":"","publisher":{"@id":"https:\/\/hbklinika.cz\/rehabilitace\/#organization"},"potentialAction":[{"@type":"SearchAction","target":{"@type":"EntryPoint","urlTemplate":"https:\/\/hbklinika.cz\/rehabilitace\/?s={search_term_string}"},"query-input":"required name=search_term_string"}],"inLanguage":"cs"},{"@type":"Organization","@id":"https:\/\/hbklinika.cz\/rehabilitace\/#organization","name":"HB MediCare s.r.o.","url":"https:\/\/hbklinika.cz\/rehabilitace\/","logo":{"@type":"ImageObject","inLanguage":"cs","@id":"https:\/\/hbklinika.cz\/rehabilitace\/#\/schema\/logo\/image\/","url":"https:\/\/hbklinika.cz\/rehabilitace\/wp-content\/uploads\/2023\/08\/cropped-logo2.png","contentUrl":"https:\/\/hbklinika.cz\/rehabilitace\/wp-content\/uploads\/2023\/08\/cropped-logo2.png","width":512,"height":512,"caption":"HB MediCare s.r.o."},"image":{"@id":"https:\/\/hbklinika.cz\/rehabilitace\/#\/schema\/logo\/image\/"},"sameAs":["https:\/\/facebook.com\/hbklinika","https:\/\/www.instagram.com\/hbklinika"]}]}},"_links":{"self":[{"href":"https:\/\/hbklinika.cz\/rehabilitace\/wp-json\/wp\/v2\/pages\/11770","targetHints":{"allow":["GET"]}}],"collection":[{"href":"https:\/\/hbklinika.cz\/rehabilitace\/wp-json\/wp\/v2\/pages"}],"about":[{"href":"https:\/\/hbklinika.cz\/rehabilitace\/wp-json\/wp\/v2\/types\/page"}],"author":[{"embeddable":true,"href":"https:\/\/hbklinika.cz\/rehabilitace\/wp-json\/wp\/v2\/users\/1"}],"replies":[{"embeddable":true,"href":"https:\/\/hbklinika.cz\/rehabilitace\/wp-json\/wp\/v2\/comments?post=11770"}],"version-history":[{"count":84,"href":"https:\/\/hbklinika.cz\/rehabilitace\/wp-json\/wp\/v2\/pages\/11770\/revisions"}],"predecessor-version":[{"id":13371,"href":"https:\/\/hbklinika.cz\/rehabilitace\/wp-json\/wp\/v2\/pages\/11770\/revisions\/13371"}],"wp:attachment":[{"href":"https:\/\/hbklinika.cz\/rehabilitace\/wp-json\/wp\/v2\/media?parent=11770"}],"curies":[{"name":"wp","href":"https:\/\/api.w.org\/{rel}","templated":true}]}}