{"id":13199,"date":"2024-02-21T23:25:43","date_gmt":"2024-02-21T22:25:43","guid":{"rendered":"https:\/\/hbklinika.cz\/?page_id=13199"},"modified":"2024-02-22T00:39:12","modified_gmt":"2024-02-21T23:39:12","slug":"zasady-ochrany-osobnich-udaju","status":"publish","type":"page","link":"https:\/\/hbklinika.cz\/rehabilitace\/zasady-ochrany-osobnich-udaju\/","title":{"rendered":"Z\u00e1sady ochrany osobn\u00edch \u00fadaj\u016f"},"content":{"rendered":"\n<div class=\"wp-block-columns has-ast-global-color-5-background-color has-background is-layout-flex wp-container-core-columns-is-layout-28f84493 wp-block-columns-is-layout-flex\">\n<div class=\"wp-block-column is-layout-flow wp-block-column-is-layout-flow\">\n<p><strong>OCHRANA OSOBN\u00cdCH \u00daDAJ\u016e<\/strong><\/p>\n\n\n\n<p>Na\u0161e webov\u00e9 str\u00e1nky&nbsp;<a href=\"https:\/\/hbklinika.cz\/rehabilitace\/\">https:\/\/hbklinika.cz\/rehabilitace<\/a> zpracov\u00e1vaj\u00ed mimo <a href=\"https:\/\/hbklinika.cz\/rehabilitace\/zasady-cookies-eu\/\">Cookies<\/a> i osobn\u00ed \u00fadaje.<br>V n\u00ed\u017ee uveden\u00e9m dokumentu v\u00e1s informujeme o zpracov\u00e1v\u00e1n\u00ed osobn\u00edch \u00fadaj\u016f na na\u0161em webu.<br><br><\/p>\n\n\n\n<p><strong>KDO JE SPR\u00c1VCE?<\/strong><\/p>\n\n\n\n<p>Web<a href=\"https:\/\/hbklinika.cz\/rehabilitace\"> https:\/\/hbklinika.cz\/rehabilitace <\/a>provozuje a vlastn\u00ed HB MediCare s.r.o. \u010d.p. 29, 270 09 Krup\u00e1, I\u010cO 19471254. Va\u0161e osobn\u00ed \u00fadaje zpracov\u00e1v\u00e1me jako spr\u00e1vce. Ur\u010dujeme, jak budou osobn\u00ed \u00fadaje zpracov\u00e1v\u00e1ny a za jak\u00fdm \u00fa\u010delem, po jak dlouhou dobu a vyb\u00edr\u00e1me p\u0159\u00edpadn\u00e9 dal\u0161\u00ed zpracovatele, kte\u0159\u00ed n\u00e1m se zpracov\u00e1n\u00edm budou pom\u00e1hat.<\/p>\n\n\n\n<p><strong>KONTAKTN\u00cd \u00daDAJE<\/strong><\/p>\n\n\n\n<p>V p\u0159\u00edpad\u011b dotaz\u016f nebo koment\u00e1\u0159\u016f ohledn\u011b na\u0161ich z\u00e1sad t\u00fdkaj\u00edc\u00edch se soubor\u016f cookies a&nbsp;tohoto prohl\u00e1\u0161en\u00ed, n\u00e1s pros\u00edm kontaktujte pomoc\u00ed n\u00e1sleduj\u00edc\u00edch kontaktn\u00edch \u00fadaj\u016f:<\/p>\n\n\n\n<p>HB MediCare s.r.o.<br>\u010d.p. 29, 270 09 Krup\u00e1<br><br>\u010cesk\u00e1 republika<br>Web:&nbsp;<a href=\"https:\/\/hbklinika.cz\/rehabilitace\/\">https:\/\/hbklinika.cz\/rehabilitace<\/a><br>E-mail:&nbsp;<a href=\"mailto:info@hbklinika.cz\">info@hbklinika.cz<\/a><br>Telefonn\u00ed \u010d\u00edslo: +420 775 564 025<\/p>\n\n\n\n<p><strong>PROHL\u00c1\u0160EN\u00cd<\/strong><\/p>\n\n\n\n<p>Prohla\u0161ujeme, \u017ee jako spr\u00e1vce va\u0161ich osobn\u00edch \u00fadaj\u016f spl\u0148ujeme ve\u0161ker\u00e9 z\u00e1konn\u00e9 povinnosti vy\u017eadovan\u00e9 platnou legislativou, zejm\u00e9na z\u00e1konem o ochran\u011b osobn\u00edch \u00fadaj\u016f a GDPR, a tedy \u017ee:<\/p>\n\n\n\n<p>budeme zpracov\u00e1vat va\u0161e osobn\u00ed \u00fadaje jen na z\u00e1klad\u011b platn\u00e9ho pr\u00e1vn\u00edho d\u016fvodu, a to p\u0159edev\u0161\u00edm opr\u00e1vn\u011bn\u00e9ho z\u00e1jmu, pln\u011bn\u00ed smlouvy, z\u00e1konn\u00e9 povinnosti \u010di ud\u011blen\u00e9ho souhlasu, pln\u00edme dle \u010dl\u00e1nku 13 GDPR informa\u010dn\u00ed povinnost je\u0161t\u011b p\u0159ed zah\u00e1jen\u00edm zpracov\u00e1n\u00ed osobn\u00edch \u00fadaj\u016f, umo\u017en\u00edme a budeme v\u00e1s podporovat v uplat\u0148ov\u00e1n\u00ed a pln\u011bn\u00ed va\u0161ich pr\u00e1v podle z\u00e1kona o ochran\u011b osobn\u00edch \u00fadaj\u016f a GDPR.<\/p>\n\n\n\n<p><br><strong>ROZSAH OSOBN\u00cdCH \u00daDAJ\u016e A \u00da\u010cELY ZPRACOV\u00c1N\u00cd<\/strong><\/p>\n\n\n\n<p><br>Poskytov\u00e1n\u00ed slu\u017eeb, pln\u011bn\u00ed smlouvy va\u0161e osobn\u00ed \u00fadaje v rozsahu: e-mail, kter\u00fd nezbytn\u011b pot\u0159ebujeme k zaji\u0161t\u011bn\u00ed slu\u017eeb (nap\u0159. zaji\u0161t\u011bn\u00ed rezervace, d\u016fle\u017eit\u00e9ho upozorn\u011bn\u00ed)<br>Veden\u00ed \u00fa\u010detnictv\u00ed: Va\u0161e osobn\u00ed \u00fadaje (nap\u0159.:faktura\u010dn\u00ed \u00fadaje) nezbytn\u011b pot\u0159ebujeme ke spln\u011bn\u00ed z\u00e1konn\u00e9 povinnosti pro vystavov\u00e1n\u00ed a evidenci da\u0148ov\u00fdch doklad\u016f.<br>marketing &#8211; zas\u00edl\u00e1n\u00ed newsletter\u016f: va\u0161e osobn\u00ed \u00fadaje (e-mail a jm\u00e9no) vyu\u017e\u00edv\u00e1me za \u00fa\u010delem p\u0159\u00edm\u00e9ho marketingu &#8211; zas\u00edl\u00e1n\u00ed obchodn\u00edch sd\u011blen\u00ed. A to po dobu neur\u010ditou od odsouhlasen\u00ed s vyu\u017eit\u00edm osobn\u00edch \u00fadaj\u016f za t\u00edmto \u00fa\u010delem.<br>Souhlas m\u016f\u017eete kdykoliv odvolat pou\u017eit\u00edm odhla\u0161ovac\u00edho odkazu v ka\u017ed\u00e9m zaslan\u00e9m e-mailu nebo n\u00e1s kontaktujte prost\u0159ednictv\u00edm na\u0161ich kontaktn\u00edch \u00fadaj\u016f.<\/p>\n\n\n\n<p>Pokro\u010dil\u00fd marketing na z\u00e1klad\u011b souhlasu: Pouze na z\u00e1klad\u011b va\u0161eho souhlasu zas\u00edl\u00e1me tak\u00e9 nab\u00eddky t\u0159et\u00edch osob nebo m\u016f\u017eeme vyu\u017e\u00edt e-mailovou adresu nap\u0159. pro remarketing a c\u00edlen\u00ed reklamy na Facebooku, a to po dobu neur\u010ditou od ud\u011blen\u00ed souhlasu. Ten lze kdykoli odvolat prost\u0159ednictv\u00edm na\u0161ich kontaktn\u00edch \u00fadaj\u016f.<br>Va\u0161e osobn\u00ed \u00fadaje si ponech\u00e1v\u00e1me po dobu b\u011bhu proml\u010dec\u00edch lh\u016ft, pokud z\u00e1kon nestanov\u00ed jinak.<\/p>\n\n\n\n<p><strong>ZABEZPE\u010cEN\u00cd A OCHRANA OSOBN\u00cdCH \u00daDAJ\u016e<\/strong><\/p>\n\n\n\n<p>Chr\u00e1n\u00edme osobn\u00ed \u00fadaje v maxim\u00e1ln\u00ed mo\u017en\u00e9 m\u00ed\u0159e pomoc\u00ed modern\u00edch technologi\u00ed, kter\u00e9 odpov\u00eddaj\u00ed stupni technick\u00e9ho rozvoje. P\u0159ijali jsme a udr\u017eujeme ve\u0161ker\u00e1 mo\u017en\u00e1 technick\u00e1 a organiza\u010dn\u00ed opat\u0159en\u00ed, kter\u00e1 zamezuj\u00ed zneu\u017eit\u00ed, \u0161patn\u00e9 nakl\u00e1d\u00e1n\u00ed, po\u0161kozen\u00ed nebo zni\u010den\u00ed va\u0161ich osobn\u00edch \u00fadaj\u016f.<\/p>\n\n\n\n<p><strong>P\u0158ED\u00c1N\u00cd OSOBN\u00cdCH \u00daDAJ\u016e T\u0158ET\u00cdM STRAN\u00c1M<\/strong><\/p>\n\n\n\n<p>K va\u0161im osobn\u00edm \u00fadaj\u016fm maj\u00ed, po odsouhlasen\u00ed, p\u0159\u00edstup pracovn\u00edci, spolupracovn\u00edci HB MediCare s.r.o.<\/p>\n\n\n\n<p>V n\u011bkter\u00fdch p\u0159\u00edpadech vyu\u017e\u00edv\u00e1me slu\u017eeb a aplikac\u00ed zpracovatel\u016f \u010di reklamn\u00edch platforem, jejich\u017e z\u00e1konnou povinnost\u00ed je t\u00e9\u017e osobn\u00ed \u00fadaje chr\u00e1nit v souladu se z\u00e1kony.<\/p>\n\n\n\n<p>Jsou to poskytovatel\u00e9 platforem nap\u0159.:<\/p>\n\n\n\n<p> Google, Meta, Seznam, Fyzion<\/p>\n\n\n\n<p>V budoucnu m\u016f\u017eeme zm\u011bnit rozhodnuit\u00ed a vyu\u017e\u00edt dal\u0161\u00ed aplikace \u010di zpracovatele, pro usnadn\u011bn\u00ed a zkvalitn\u011bn\u00ed zpracov\u00e1n\u00ed, inzerce a n\u00e1mi poskytovan\u00fdch slu\u017eeb.<\/p>\n\n\n\n<p><strong>P\u0158ED\u00c1V\u00c1N\u00cd DAT MIMO EVROPSKOU UNII<\/strong><\/p>\n\n\n\n<p>Ve\u0161ker\u00e9 zpracov\u00e1n\u00ed osobn\u00edch \u00fadaj\u016f bude prov\u00e1d\u011bno na \u00fazem\u00ed EU.<\/p>\n\n\n\n<p><strong>VA\u0160E PR\u00c1VA V SOUVISLOSTI S OCHRANOU OSOBN\u00cdCH \u00daDAJ\u016e<\/strong><\/p>\n\n\n\n<p>V souvislosti s ochranou osobn\u00edch \u00fadaj\u016f m\u00e1te \u0159adu pr\u00e1v. Pokud budete cht\u00edt n\u011bkter\u00e9ho z t\u011bchto pr\u00e1v vyu\u017e\u00edt, pros\u00edm, kontaktujte n\u00e1s prost\u0159ednictv\u00edm e-mailu <a href=\"mailto:info@hbklinika.cz\">info@hbklinika.cz<\/a><\/p>\n\n\n\n<p>M\u00e1te pr\u00e1vo na informace, kter\u00e9 je pln\u011bno ji\u017e touto informa\u010dn\u00ed str\u00e1nkou se z\u00e1sadami zpracov\u00e1n\u00ed osobn\u00edch \u00fadaj\u016f.<\/p>\n\n\n\n<p>D\u00edky pr\u00e1vu na p\u0159\u00edstup k informac\u00edm, n\u00e1s m\u016f\u017eete kdykoli vyzvat a my dolo\u017e\u00edme ve lh\u016ft\u011b 30 dn\u00ed, jak\u00e9 va\u0161e osobn\u00ed \u00fadaje zpracov\u00e1v\u00e1me a pro\u010d.<\/p>\n\n\n\n<p>Pokud se u v\u00e1s n\u011bco zm\u011bn\u00ed nebo shled\u00e1te sv\u00e9 osobn\u00ed \u00fadaje neaktu\u00e1ln\u00ed nebo ne\u00fapln\u00e9, m\u00e1te pr\u00e1vo na dopln\u011bn\u00ed \u010di zm\u011bnu osobn\u00edch \u00fadaj\u016f.<\/p>\n\n\n\n<p>Pr\u00e1vo na omezen\u00ed zpracov\u00e1n\u00ed m\u016f\u017eete vyu\u017e\u00edt, pokud se domn\u00edv\u00e1te, \u017ee zpracov\u00e1v\u00e1me va\u0161e nep\u0159esn\u00e9 \u00fadaje, domn\u00edv\u00e1te se, \u017ee prov\u00e1d\u00edme zpracov\u00e1n\u00ed nez\u00e1konn\u011b nebo pokud jste vznesli n\u00e1mitku proti zpracov\u00e1n\u00ed. Omezit m\u016f\u017eete rozsah osobn\u00edch \u00fadaj\u016f nebo \u00fa\u010del\u016f zpracov\u00e1n\u00ed. (Nap\u0159. odhl\u00e1\u0161en\u00edm z newsletteru omezujete \u00fa\u010del zpracov\u00e1n\u00ed pro zas\u00edl\u00e1n\u00ed obchodn\u00edch sd\u011blen\u00ed.)<\/p>\n\n\n\n<p>Pr\u00e1vo na p\u0159enositelnost<br>Pokud byste cht\u011bli sv\u00e9 osobn\u00ed \u00fadaje vz\u00edt a p\u0159en\u00e9st k n\u011bkomu jin\u00e9mu, budeme postupovat stejn\u011b jako p\u0159i vyu\u017eit\u00ed pr\u00e1va na p\u0159\u00edstup &#8211; Zde je lh\u016fta alespo\u0148 30 dn\u00ed.<\/p>\n\n\n\n<p>Pr\u00e1vo na v\u00fdmaz (b\u00fdt zapomenut)<br>Va\u0161\u00edm pr\u00e1vem je pr\u00e1vo na v\u00fdmaz (b\u00fdt zapomenut). V takov\u00e9m p\u0159\u00edpad\u011b vyma\u017eeme ve\u0161ker\u00e9 va\u0161e osobn\u00ed \u00fadaje z na\u0161eho syst\u00e9mu i ze syst\u00e9mu v\u0161ech d\u00edl\u010d\u00edch zpracovatel\u016f a z\u00e1loh. Na zaji\u0161t\u011bn\u00ed pr\u00e1va na v\u00fdmaz je lh\u016fta alespo\u0148 30 dn\u00ed.<\/p>\n\n\n\n<p>V n\u011bkter\u00fdch p\u0159\u00edpadech jsme v\u00e1z\u00e1ni z\u00e1konnou povinnost\u00ed, nap\u0159.: evidence da\u0148ov\u00fdch doklad\u016f po lh\u016ftu stanovenou z\u00e1konem. V tomto p\u0159\u00edpad\u011b sma\u017eeme v\u0161echny takov\u00e9 osobn\u00ed \u00fadaje, kter\u00e9 nejsou v\u00e1z\u00e1ny jin\u00fdm z\u00e1konem. O dokon\u010den\u00ed v\u00fdmazu v\u00e1s budeme informovat na zadan\u00fd e-mail s va\u0161\u00edm souhlasem.<\/p>\n\n\n\n<p>St\u00ed\u017enost u \u00da\u0159adu na ochranu osobn\u00edch \u00fadaj\u016f<br>M\u00e1te pr\u00e1vo se se svou st\u00ed\u017enost\u00ed kdykoli obr\u00e1tit na \u00da\u0159ad pro ochranu osobn\u00edch \u00fadaj\u016f, av\u0161ak budeme r\u00e1di, pokud n\u00e1s p\u0159edem upozorn\u00edte a my chybu co nejrychleji naprav\u00edme.<\/p>\n\n\n\n<p>Odhl\u00e1\u0161en\u00ed ze zas\u00edl\u00e1n\u00ed newsletter\u016f a obchodn\u00edch sd\u011blen\u00ed<br>E-maily, \u010dl\u00e1nky \u010di produkty a slu\u017ebami v\u00e1m zas\u00edl\u00e1me na z\u00e1klad\u011b na\u0161eho opr\u00e1vn\u011bn\u00e9ho z\u00e1jmu s va\u0161\u00edm souhlasem.  V obou p\u0159\u00edpadech m\u016f\u017eete ukon\u010dit odb\u011br e-mail\u016f p\u0159es odhla\u0161ovac\u00ed odkaz v ka\u017ed\u00e9m zaslan\u00e9m e-mailu.<\/p>\n\n\n\n<p><strong>ML\u010cENLIVOST<\/strong><\/p>\n\n\n\n<p>Uji\u0161\u0165ujeme v\u00e1s, \u017ee p\u0159i zpracov\u00e1v\u00e1n\u00ed va\u0161ich osobn\u00edch \u00fadaj\u016f, jsme povinni zachov\u00e1vat ml\u010denlivost o osobn\u00edch \u00fadaj\u00edch a o bezpe\u010dnostn\u00edch opat\u0159en\u00edch, jejich\u017e zve\u0159ejn\u011bn\u00ed by ohrozilo zabezpe\u010den\u00ed va\u0161ich osobn\u00edch \u00fadaj\u016f. Tato ml\u010denlivost p\u0159itom trv\u00e1 i po skon\u010den\u00ed z\u00e1vazkov\u00fdch vztah\u016f s n\u00e1mi.<\/p>\n\n\n\n<p>Bez va\u0161eho souhlasu nebudou va\u0161e osobn\u00ed \u00fadaje vyd\u00e1ny \u017e\u00e1dn\u00e9 jin\u00e9 t\u0159et\u00ed stran\u011b.<\/p>\n\n\n\n<p>Tyto z\u00e1sady zpracov\u00e1n\u00ed osobn\u00edch \u00fadaj\u016f plat\u00ed od 1. 1. 2024.<\/p>\n\n\n\n<p>D\u016fle\u017eit\u00e9 odkazy:<br><a href=\"https:\/\/www.facebook.com\/business\/help\/1247534515288168?id=735435806665862\n\">https:\/\/www.facebook.com\/business\/help\/1247534515288168?id=735435806665862<\/a><br><a href=\"https:\/\/www.facebook.com\/help\/instagram\/433099707516178\n\">https:\/\/www.facebook.com\/help\/instagram\/433099707516178<br><\/a><a href=\"https:\/\/www.google.com\/intl\/cs\/policies\/privacy\/archive\/20171002\/\n\">https:\/\/www.google.com\/intl\/cs\/policies\/privacy\/archive\/20171002\/<\/a><br><a href=\"https:\/\/o.seznam.cz\/ochrana-udaju\/\n\">https:\/\/o.seznam.cz\/ochrana-udaju\/<\/a><br><a href=\"https:\/\/fra1.digitaloceanspaces.com\/endevel-web\/media\/documents\/Podminky_ochrany_osobnich_udaju.pdf\n\">https:\/\/fra1.digitaloceanspaces.com\/endevel-web\/media\/documents\/Podminky_ochrany_osobnich_udaju.pdf<br><\/a><a href=\"https:\/\/commission.europa.eu\/law\/law-topic\/data-protection\/data-protection-eu_cs\n\">https:\/\/commission.europa.eu\/law\/law-topic\/data-protection\/data-protection-eu_cs<\/a><br><a href=\"https:\/\/hbklinika.cz\/rehabilitace\/zasady-cookies-eu\/\n\">https:\/\/hbklinika.cz\/rehabilitace\/zasady-cookies-eu\/<br><\/a><\/p>\n<\/div>\n<\/div>\n","protected":false},"excerpt":{"rendered":"<p>OCHRANA OSOBN\u00cdCH \u00daDAJ\u016e Na\u0161e webov\u00e9 str\u00e1nky&nbsp;https:\/\/hbklinika.cz\/rehabilitace zpracov\u00e1vaj\u00ed mimo Cookies i osobn\u00ed \u00fadaje.V n\u00ed\u017ee uveden\u00e9m dokumentu v\u00e1s informujeme o zpracov\u00e1v\u00e1n\u00ed osobn\u00edch \u00fadaj\u016f na na\u0161em webu. KDO JE SPR\u00c1VCE? Web https:\/\/hbklinika.cz\/rehabilitace provozuje a vlastn\u00ed HB MediCare s.r.o. \u010d.p. 29, 270 09 Krup\u00e1, I\u010cO 19471254. Va\u0161e osobn\u00ed \u00fadaje zpracov\u00e1v\u00e1me jako spr\u00e1vce. Ur\u010dujeme, jak budou osobn\u00ed \u00fadaje zpracov\u00e1v\u00e1ny a [&hellip;]<\/p>\n","protected":false},"author":1,"featured_media":0,"parent":0,"menu_order":0,"comment_status":"closed","ping_status":"closed","template":"","meta":{"site-sidebar-layout":"default","site-content-layout":"","ast-site-content-layout":"default","site-content-style":"default","site-sidebar-style":"default","ast-global-header-display":"","ast-banner-title-visibility":"","ast-main-header-display":"","ast-hfb-above-header-display":"","ast-hfb-below-header-display":"","ast-hfb-mobile-header-display":"","site-post-title":"","ast-breadcrumbs-content":"","ast-featured-img":"","footer-sml-layout":"","theme-transparent-header-meta":"","adv-header-id-meta":"","stick-header-meta":"","header-above-stick-meta":"","header-main-stick-meta":"","header-below-stick-meta":"","astra-migrate-meta-layouts":"set","ast-page-background-enabled":"default","ast-page-background-meta":{"desktop":{"background-color":"","background-image":"","background-repeat":"repeat","background-position":"center center","background-size":"auto","background-attachment":"scroll","background-type":"","background-media":"","overlay-type":"","overlay-color":"","overlay-gradient":""},"tablet":{"background-color":"","background-image":"","background-repeat":"repeat","background-position":"center center","background-size":"auto","background-attachment":"scroll","background-type":"","background-media":"","overlay-type":"","overlay-color":"","overlay-gradient":""},"mobile":{"background-color":"","background-image":"","background-repeat":"repeat","background-position":"center center","background-size":"auto","background-attachment":"scroll","background-type":"","background-media":"","overlay-type":"","overlay-color":"","overlay-gradient":""}},"ast-content-background-meta":{"desktop":{"background-color":"var(--ast-global-color-5)","background-image":"","background-repeat":"repeat","background-position":"center center","background-size":"auto","background-attachment":"scroll","background-type":"","background-media":"","overlay-type":"","overlay-color":"","overlay-gradient":""},"tablet":{"background-color":"var(--ast-global-color-5)","background-image":"","background-repeat":"repeat","background-position":"center center","background-size":"auto","background-attachment":"scroll","background-type":"","background-media":"","overlay-type":"","overlay-color":"","overlay-gradient":""},"mobile":{"background-color":"var(--ast-global-color-5)","background-image":"","background-repeat":"repeat","background-position":"center center","background-size":"auto","background-attachment":"scroll","background-type":"","background-media":"","overlay-type":"","overlay-color":"","overlay-gradient":""}},"footnotes":""},"class_list":["post-13199","page","type-page","status-publish","hentry"],"yoast_head":"<!-- This site is optimized with the Yoast SEO plugin v22.3 - https:\/\/yoast.com\/wordpress\/plugins\/seo\/ -->\n<title>Z\u00e1sady ochrany osobn\u00edch \u00fadaj\u016f |<\/title>\n<meta name=\"robots\" content=\"index, follow, max-snippet:-1, max-image-preview:large, max-video-preview:-1\" \/>\n<link rel=\"canonical\" href=\"https:\/\/hbklinika.cz\/rehabilitace\/zasady-ochrany-osobnich-udaju\/\" \/>\n<meta property=\"og:locale\" content=\"cs_CZ\" \/>\n<meta property=\"og:type\" content=\"article\" \/>\n<meta property=\"og:title\" content=\"Z\u00e1sady ochrany osobn\u00edch \u00fadaj\u016f |\" \/>\n<meta property=\"og:description\" content=\"OCHRANA OSOBN\u00cdCH \u00daDAJ\u016e Na\u0161e webov\u00e9 str\u00e1nky&nbsp;https:\/\/hbklinika.cz\/rehabilitace zpracov\u00e1vaj\u00ed mimo Cookies i osobn\u00ed \u00fadaje.V n\u00ed\u017ee uveden\u00e9m dokumentu v\u00e1s informujeme o zpracov\u00e1v\u00e1n\u00ed osobn\u00edch \u00fadaj\u016f na na\u0161em webu. KDO JE SPR\u00c1VCE? Web https:\/\/hbklinika.cz\/rehabilitace provozuje a vlastn\u00ed HB MediCare s.r.o. \u010d.p. 29, 270 09 Krup\u00e1, I\u010cO 19471254. Va\u0161e osobn\u00ed \u00fadaje zpracov\u00e1v\u00e1me jako spr\u00e1vce. Ur\u010dujeme, jak budou osobn\u00ed \u00fadaje zpracov\u00e1v\u00e1ny a [&hellip;]\" \/>\n<meta property=\"og:url\" content=\"https:\/\/hbklinika.cz\/rehabilitace\/zasady-ochrany-osobnich-udaju\/\" \/>\n<meta property=\"article:publisher\" content=\"https:\/\/facebook.com\/hbklinika\" \/>\n<meta property=\"article:modified_time\" content=\"2024-02-21T23:39:12+00:00\" \/>\n<meta property=\"og:image\" content=\"https:\/\/hbklinika.cz\/rehabilitace\/wp-content\/uploads\/2023\/07\/cropped-Navrh-bez-nazvu-PhotoRoom.png-PhotoRoom.png\" \/>\n\t<meta property=\"og:image:width\" content=\"640\" \/>\n\t<meta property=\"og:image:height\" content=\"343\" \/>\n\t<meta property=\"og:image:type\" content=\"image\/png\" \/>\n<meta name=\"twitter:card\" content=\"summary_large_image\" \/>\n<meta name=\"twitter:label1\" content=\"Odhadovan\u00e1 doba \u010dten\u00ed\" \/>\n\t<meta name=\"twitter:data1\" content=\"5 minut\" \/>\n<script type=\"application\/ld+json\" class=\"yoast-schema-graph\">{\"@context\":\"https:\/\/schema.org\",\"@graph\":[{\"@type\":\"WebPage\",\"@id\":\"https:\/\/hbklinika.cz\/rehabilitace\/zasady-ochrany-osobnich-udaju\/\",\"url\":\"https:\/\/hbklinika.cz\/rehabilitace\/zasady-ochrany-osobnich-udaju\/\",\"name\":\"Z\u00e1sady ochrany osobn\u00edch \u00fadaj\u016f |\",\"isPartOf\":{\"@id\":\"https:\/\/hbklinika.cz\/rehabilitace\/#website\"},\"datePublished\":\"2024-02-21T22:25:43+00:00\",\"dateModified\":\"2024-02-21T23:39:12+00:00\",\"breadcrumb\":{\"@id\":\"https:\/\/hbklinika.cz\/rehabilitace\/zasady-ochrany-osobnich-udaju\/#breadcrumb\"},\"inLanguage\":\"cs\",\"potentialAction\":[{\"@type\":\"ReadAction\",\"target\":[\"https:\/\/hbklinika.cz\/rehabilitace\/zasady-ochrany-osobnich-udaju\/\"]}]},{\"@type\":\"BreadcrumbList\",\"@id\":\"https:\/\/hbklinika.cz\/rehabilitace\/zasady-ochrany-osobnich-udaju\/#breadcrumb\",\"itemListElement\":[{\"@type\":\"ListItem\",\"position\":1,\"name\":\"Dom\u016f\",\"item\":\"https:\/\/hbklinika.cz\/rehabilitace\/\"},{\"@type\":\"ListItem\",\"position\":2,\"name\":\"Z\u00e1sady ochrany osobn\u00edch \u00fadaj\u016f\"}]},{\"@type\":\"WebSite\",\"@id\":\"https:\/\/hbklinika.cz\/rehabilitace\/#website\",\"url\":\"https:\/\/hbklinika.cz\/rehabilitace\/\",\"name\":\"HB Klinika Rakovn\u00edk\",\"description\":\"\",\"publisher\":{\"@id\":\"https:\/\/hbklinika.cz\/rehabilitace\/#organization\"},\"potentialAction\":[{\"@type\":\"SearchAction\",\"target\":{\"@type\":\"EntryPoint\",\"urlTemplate\":\"https:\/\/hbklinika.cz\/rehabilitace\/?s={search_term_string}\"},\"query-input\":\"required name=search_term_string\"}],\"inLanguage\":\"cs\"},{\"@type\":\"Organization\",\"@id\":\"https:\/\/hbklinika.cz\/rehabilitace\/#organization\",\"name\":\"HB MediCare s.r.o.\",\"url\":\"https:\/\/hbklinika.cz\/rehabilitace\/\",\"logo\":{\"@type\":\"ImageObject\",\"inLanguage\":\"cs\",\"@id\":\"https:\/\/hbklinika.cz\/rehabilitace\/#\/schema\/logo\/image\/\",\"url\":\"https:\/\/hbklinika.cz\/rehabilitace\/wp-content\/uploads\/2023\/08\/cropped-logo2.png\",\"contentUrl\":\"https:\/\/hbklinika.cz\/rehabilitace\/wp-content\/uploads\/2023\/08\/cropped-logo2.png\",\"width\":512,\"height\":512,\"caption\":\"HB MediCare s.r.o.\"},\"image\":{\"@id\":\"https:\/\/hbklinika.cz\/rehabilitace\/#\/schema\/logo\/image\/\"},\"sameAs\":[\"https:\/\/facebook.com\/hbklinika\",\"https:\/\/www.instagram.com\/hbklinika\"]}]}<\/script>\n<!-- \/ Yoast SEO plugin. -->","yoast_head_json":{"title":"Z\u00e1sady ochrany osobn\u00edch \u00fadaj\u016f |","robots":{"index":"index","follow":"follow","max-snippet":"max-snippet:-1","max-image-preview":"max-image-preview:large","max-video-preview":"max-video-preview:-1"},"canonical":"https:\/\/hbklinika.cz\/rehabilitace\/zasady-ochrany-osobnich-udaju\/","og_locale":"cs_CZ","og_type":"article","og_title":"Z\u00e1sady ochrany osobn\u00edch \u00fadaj\u016f |","og_description":"OCHRANA OSOBN\u00cdCH \u00daDAJ\u016e Na\u0161e webov\u00e9 str\u00e1nky&nbsp;https:\/\/hbklinika.cz\/rehabilitace zpracov\u00e1vaj\u00ed mimo Cookies i osobn\u00ed \u00fadaje.V n\u00ed\u017ee uveden\u00e9m dokumentu v\u00e1s informujeme o zpracov\u00e1v\u00e1n\u00ed osobn\u00edch \u00fadaj\u016f na na\u0161em webu. KDO JE SPR\u00c1VCE? Web https:\/\/hbklinika.cz\/rehabilitace provozuje a vlastn\u00ed HB MediCare s.r.o. \u010d.p. 29, 270 09 Krup\u00e1, I\u010cO 19471254. Va\u0161e osobn\u00ed \u00fadaje zpracov\u00e1v\u00e1me jako spr\u00e1vce. Ur\u010dujeme, jak budou osobn\u00ed \u00fadaje zpracov\u00e1v\u00e1ny a [&hellip;]","og_url":"https:\/\/hbklinika.cz\/rehabilitace\/zasady-ochrany-osobnich-udaju\/","article_publisher":"https:\/\/facebook.com\/hbklinika","article_modified_time":"2024-02-21T23:39:12+00:00","og_image":[{"width":640,"height":343,"url":"https:\/\/hbklinika.cz\/rehabilitace\/wp-content\/uploads\/2023\/07\/cropped-Navrh-bez-nazvu-PhotoRoom.png-PhotoRoom.png","type":"image\/png"}],"twitter_card":"summary_large_image","twitter_misc":{"Odhadovan\u00e1 doba \u010dten\u00ed":"5 minut"},"schema":{"@context":"https:\/\/schema.org","@graph":[{"@type":"WebPage","@id":"https:\/\/hbklinika.cz\/rehabilitace\/zasady-ochrany-osobnich-udaju\/","url":"https:\/\/hbklinika.cz\/rehabilitace\/zasady-ochrany-osobnich-udaju\/","name":"Z\u00e1sady ochrany osobn\u00edch \u00fadaj\u016f |","isPartOf":{"@id":"https:\/\/hbklinika.cz\/rehabilitace\/#website"},"datePublished":"2024-02-21T22:25:43+00:00","dateModified":"2024-02-21T23:39:12+00:00","breadcrumb":{"@id":"https:\/\/hbklinika.cz\/rehabilitace\/zasady-ochrany-osobnich-udaju\/#breadcrumb"},"inLanguage":"cs","potentialAction":[{"@type":"ReadAction","target":["https:\/\/hbklinika.cz\/rehabilitace\/zasady-ochrany-osobnich-udaju\/"]}]},{"@type":"BreadcrumbList","@id":"https:\/\/hbklinika.cz\/rehabilitace\/zasady-ochrany-osobnich-udaju\/#breadcrumb","itemListElement":[{"@type":"ListItem","position":1,"name":"Dom\u016f","item":"https:\/\/hbklinika.cz\/rehabilitace\/"},{"@type":"ListItem","position":2,"name":"Z\u00e1sady ochrany osobn\u00edch \u00fadaj\u016f"}]},{"@type":"WebSite","@id":"https:\/\/hbklinika.cz\/rehabilitace\/#website","url":"https:\/\/hbklinika.cz\/rehabilitace\/","name":"HB Klinika Rakovn\u00edk","description":"","publisher":{"@id":"https:\/\/hbklinika.cz\/rehabilitace\/#organization"},"potentialAction":[{"@type":"SearchAction","target":{"@type":"EntryPoint","urlTemplate":"https:\/\/hbklinika.cz\/rehabilitace\/?s={search_term_string}"},"query-input":"required name=search_term_string"}],"inLanguage":"cs"},{"@type":"Organization","@id":"https:\/\/hbklinika.cz\/rehabilitace\/#organization","name":"HB MediCare s.r.o.","url":"https:\/\/hbklinika.cz\/rehabilitace\/","logo":{"@type":"ImageObject","inLanguage":"cs","@id":"https:\/\/hbklinika.cz\/rehabilitace\/#\/schema\/logo\/image\/","url":"https:\/\/hbklinika.cz\/rehabilitace\/wp-content\/uploads\/2023\/08\/cropped-logo2.png","contentUrl":"https:\/\/hbklinika.cz\/rehabilitace\/wp-content\/uploads\/2023\/08\/cropped-logo2.png","width":512,"height":512,"caption":"HB MediCare s.r.o."},"image":{"@id":"https:\/\/hbklinika.cz\/rehabilitace\/#\/schema\/logo\/image\/"},"sameAs":["https:\/\/facebook.com\/hbklinika","https:\/\/www.instagram.com\/hbklinika"]}]}},"_links":{"self":[{"href":"https:\/\/hbklinika.cz\/rehabilitace\/wp-json\/wp\/v2\/pages\/13199","targetHints":{"allow":["GET"]}}],"collection":[{"href":"https:\/\/hbklinika.cz\/rehabilitace\/wp-json\/wp\/v2\/pages"}],"about":[{"href":"https:\/\/hbklinika.cz\/rehabilitace\/wp-json\/wp\/v2\/types\/page"}],"author":[{"embeddable":true,"href":"https:\/\/hbklinika.cz\/rehabilitace\/wp-json\/wp\/v2\/users\/1"}],"replies":[{"embeddable":true,"href":"https:\/\/hbklinika.cz\/rehabilitace\/wp-json\/wp\/v2\/comments?post=13199"}],"version-history":[{"count":40,"href":"https:\/\/hbklinika.cz\/rehabilitace\/wp-json\/wp\/v2\/pages\/13199\/revisions"}],"predecessor-version":[{"id":13261,"href":"https:\/\/hbklinika.cz\/rehabilitace\/wp-json\/wp\/v2\/pages\/13199\/revisions\/13261"}],"wp:attachment":[{"href":"https:\/\/hbklinika.cz\/rehabilitace\/wp-json\/wp\/v2\/media?parent=13199"}],"curies":[{"name":"wp","href":"https:\/\/api.w.org\/{rel}","templated":true}]}}